{"id":12786,"date":"2024-09-17T13:21:19","date_gmt":"2024-09-17T13:21:19","guid":{"rendered":"https:\/\/taniphones.com\/?post_type=product&#038;p=12786"},"modified":"2025-11-27T20:14:38","modified_gmt":"2025-11-27T20:14:38","slug":"16-pro-max","status":"publish","type":"product","link":"https:\/\/taniphones.com\/?product=16-pro-max","title":{"rendered":"iPhone 16 Pro Max ( Used )"},"content":{"rendered":"<h2>P\u00ebrshkrim<\/h2>\n<p>&nbsp;<\/p>\n<div class=\"product-full-screen-image\"><img fetchpriority=\"high\" decoding=\"async\" class=\"aligncenter wp-image-148047 size-full\" src=\"https:\/\/assets.shpresa.al\/shop\/2024\/09\/fee5e641-cel2020-ban1.jpg\" sizes=\"auto, (max-width: 1000px) 100vw, 1000px\" srcset=\"https:\/\/assets.shpresa.al\/shop\/2024\/09\/fee5e641-cel2020-ban1.jpg 1000w, https:\/\/assets.shpresa.al\/shop\/2024\/09\/fee5e641-cel2020-ban1-226x540.jpg 226w, https:\/\/assets.shpresa.al\/shop\/2024\/09\/fee5e641-cel2020-ban1-429x1024.jpg 429w, https:\/\/assets.shpresa.al\/shop\/2024\/09\/fee5e641-cel2020-ban1-768x1832.jpg 768w, https:\/\/assets.shpresa.al\/shop\/2024\/09\/fee5e641-cel2020-ban1-644x1536.jpg 644w, https:\/\/assets.shpresa.al\/shop\/2024\/09\/fee5e641-cel2020-ban1-859x2048.jpg 859w, https:\/\/assets.shpresa.al\/shop\/2024\/09\/fee5e641-cel2020-ban1-600x1431.jpg 600w\" alt=\"\" width=\"1000\" height=\"2385\" \/><\/div>\n<div class=\"product-full-screen-image\"><img decoding=\"async\" class=\"aligncenter wp-image-148046 size-full\" src=\"https:\/\/assets.shpresa.al\/shop\/2024\/09\/0f267d81-cel2020-ban2.jpg\" sizes=\"auto, (max-width: 1000px) 100vw, 1000px\" srcset=\"https:\/\/assets.shpresa.al\/shop\/2024\/09\/0f267d81-cel2020-ban2.jpg 1000w, https:\/\/assets.shpresa.al\/shop\/2024\/09\/0f267d81-cel2020-ban2-219x540.jpg 219w, https:\/\/assets.shpresa.al\/shop\/2024\/09\/0f267d81-cel2020-ban2-416x1024.jpg 416w, https:\/\/assets.shpresa.al\/shop\/2024\/09\/0f267d81-cel2020-ban2-768x1891.jpg 768w, https:\/\/assets.shpresa.al\/shop\/2024\/09\/0f267d81-cel2020-ban2-624x1536.jpg 624w, https:\/\/assets.shpresa.al\/shop\/2024\/09\/0f267d81-cel2020-ban2-832x2048.jpg 832w, https:\/\/assets.shpresa.al\/shop\/2024\/09\/0f267d81-cel2020-ban2-600x1477.jpg 600w\" alt=\"\" width=\"1000\" height=\"2462\" \/><\/div>\n","protected":false},"excerpt":{"rendered":"<p>iPhone 16 Pro Max ka nj\u00eb dizajn mahnit\u00ebs prej titani me nj\u00eb ekran Super Retina XDR prej 6.9 in\u00e7, q\u00eb ofron ndri\u00e7im dhe qart\u00ebsi t\u00eb jasht\u00ebzakonshme. Ai fuqizohet nga \u00e7ipi i avancuar A18 Pro, duke ofruar performanc\u00eb t\u00eb jasht\u00ebzakonshme. Sistemi i kamer\u00ebs Pro p\u00ebrfshin nj\u00eb sensor kryesor 48MP, ultra t\u00eb gjer\u00eb 12MP dhe nj\u00eb telefoto me 5x zmadhim optik, duke mund\u00ebsuar fotografi dhe regjistrime video t\u00eb jasht\u00ebzakonshme, p\u00ebrfshir\u00eb regjistrimin 4K Dolby Vision. Telefoni gjithashtu mb\u00ebshtet karikimin me MagSafe, ofron rezistenc\u00eb t\u00eb p\u00ebrmir\u00ebsuar ndaj ujit dhe pluhurit, dhe operon me sistemin e sigurt iOS 18 me Apple Intelligence, duke siguruar privat\u00ebsi dhe leht\u00ebsi n\u00eb p\u00ebrdorim.<\/p>\n","protected":false},"featured_media":13028,"comment_status":"open","ping_status":"closed","template":"","meta":[],"product_brand":[],"product_cat":[58,54,73,51],"product_tag":[],"class_list":{"0":"post-12786","1":"product","2":"type-product","3":"status-publish","4":"has-post-thumbnail","6":"product_cat-apple","7":"product_cat-iphone","8":"product_cat-iphone-brands","9":"product_cat-smartphone-te-rinj","11":"first","12":"instock","13":"shipping-taxable","14":"purchasable","15":"product-type-variable"},"_links":{"self":[{"href":"https:\/\/taniphones.com\/index.php?rest_route=\/wp\/v2\/product\/12786","targetHints":{"allow":["GET"]}}],"collection":[{"href":"https:\/\/taniphones.com\/index.php?rest_route=\/wp\/v2\/product"}],"about":[{"href":"https:\/\/taniphones.com\/index.php?rest_route=\/wp\/v2\/types\/product"}],"replies":[{"embeddable":true,"href":"https:\/\/taniphones.com\/index.php?rest_route=%2Fwp%2Fv2%2Fcomments&post=12786"}],"wp:featuredmedia":[{"embeddable":true,"href":"https:\/\/taniphones.com\/index.php?rest_route=\/wp\/v2\/media\/13028"}],"wp:attachment":[{"href":"https:\/\/taniphones.com\/index.php?rest_route=%2Fwp%2Fv2%2Fmedia&parent=12786"}],"wp:term":[{"taxonomy":"product_brand","embeddable":true,"href":"https:\/\/taniphones.com\/index.php?rest_route=%2Fwp%2Fv2%2Fproduct_brand&post=12786"},{"taxonomy":"product_cat","embeddable":true,"href":"https:\/\/taniphones.com\/index.php?rest_route=%2Fwp%2Fv2%2Fproduct_cat&post=12786"},{"taxonomy":"product_tag","embeddable":true,"href":"https:\/\/taniphones.com\/index.php?rest_route=%2Fwp%2Fv2%2Fproduct_tag&post=12786"}],"curies":[{"name":"wp","href":"https:\/\/api.w.org\/{rel}","templated":true}]}}