{"id":12790,"date":"2024-09-17T13:23:32","date_gmt":"2024-09-17T13:23:32","guid":{"rendered":"https:\/\/taniphones.com\/?post_type=product&#038;p=12790"},"modified":"2025-11-27T20:17:41","modified_gmt":"2025-11-27T20:17:41","slug":"iphone-16-pro","status":"publish","type":"product","link":"https:\/\/taniphones.com\/?product=iphone-16-pro","title":{"rendered":"iPhone 16  Pro ( Used )"},"content":{"rendered":"<h2>P\u00ebrshkrim<\/h2>\n<p>&nbsp;<\/p>\n<div class=\"product-full-screen-image\"><img fetchpriority=\"high\" decoding=\"async\" class=\"aligncenter wp-image-148047 size-full\" src=\"https:\/\/assets.shpresa.al\/shop\/2024\/09\/fee5e641-cel2020-ban1.jpg\" sizes=\"auto, (max-width: 1000px) 100vw, 1000px\" srcset=\"https:\/\/assets.shpresa.al\/shop\/2024\/09\/fee5e641-cel2020-ban1.jpg 1000w, https:\/\/assets.shpresa.al\/shop\/2024\/09\/fee5e641-cel2020-ban1-226x540.jpg 226w, https:\/\/assets.shpresa.al\/shop\/2024\/09\/fee5e641-cel2020-ban1-429x1024.jpg 429w, https:\/\/assets.shpresa.al\/shop\/2024\/09\/fee5e641-cel2020-ban1-768x1832.jpg 768w, https:\/\/assets.shpresa.al\/shop\/2024\/09\/fee5e641-cel2020-ban1-644x1536.jpg 644w, https:\/\/assets.shpresa.al\/shop\/2024\/09\/fee5e641-cel2020-ban1-859x2048.jpg 859w, https:\/\/assets.shpresa.al\/shop\/2024\/09\/fee5e641-cel2020-ban1-600x1431.jpg 600w\" alt=\"\" width=\"1000\" height=\"2385\" \/><\/div>\n<div class=\"product-full-screen-image\"><img decoding=\"async\" class=\"aligncenter wp-image-148046 size-full\" src=\"https:\/\/assets.shpresa.al\/shop\/2024\/09\/0f267d81-cel2020-ban2.jpg\" sizes=\"auto, (max-width: 1000px) 100vw, 1000px\" srcset=\"https:\/\/assets.shpresa.al\/shop\/2024\/09\/0f267d81-cel2020-ban2.jpg 1000w, https:\/\/assets.shpresa.al\/shop\/2024\/09\/0f267d81-cel2020-ban2-219x540.jpg 219w, https:\/\/assets.shpresa.al\/shop\/2024\/09\/0f267d81-cel2020-ban2-416x1024.jpg 416w, https:\/\/assets.shpresa.al\/shop\/2024\/09\/0f267d81-cel2020-ban2-768x1891.jpg 768w, https:\/\/assets.shpresa.al\/shop\/2024\/09\/0f267d81-cel2020-ban2-624x1536.jpg 624w, https:\/\/assets.shpresa.al\/shop\/2024\/09\/0f267d81-cel2020-ban2-832x2048.jpg 832w, https:\/\/assets.shpresa.al\/shop\/2024\/09\/0f267d81-cel2020-ban2-600x1477.jpg 600w\" alt=\"\" width=\"1000\" height=\"2462\" \/><\/div>\n","protected":false},"excerpt":{"rendered":"<p>iPhone 16 Pro sjell risi t\u00eb jasht\u00ebzakonshme, p\u00ebrfshir\u00eb \u00e7ipin e fuqish\u00ebm A18 Pro p\u00ebr performanc\u00eb t\u00eb paprecedent\u00eb, nj\u00eb kamer\u00eb Ultra Wide 48MP p\u00ebr cil\u00ebsi t\u00eb mahnitshme t\u00eb fotove dhe video n\u00eb 4K 120 fps Dolby Vision p\u00ebr nj\u00eb p\u00ebrvoj\u00eb kinematike. Dizajni elegant prej titani Grade 5 ofron q\u00ebndrueshm\u00ebri dhe vjen n\u00eb ngjyra t\u00ebrheq\u00ebse. Me Camera Control, ju mund t\u00eb rregulloni leht\u00ebsisht cil\u00ebsimet si ekspozimi me nj\u00eb l\u00ebvizje, nd\u00ebrsa Apple Intelligence p\u00ebrmir\u00ebson personalizimin, privat\u00ebsin\u00eb dhe produktivitetin. iPhone 16 Pro gjithashtu ofron jet\u00ebgjat\u00ebsi m\u00eb t\u00eb madhe t\u00eb bateris\u00eb, mesazhe satelitore p\u00ebr emergjenca dhe aft\u00ebsi t\u00eb avancuara p\u00ebr loj\u00ebra me teknologjin\u00eb Ray Tracing.<\/p>\n","protected":false},"featured_media":13028,"comment_status":"open","ping_status":"closed","template":"","meta":[],"product_brand":[],"product_cat":[58,54,73,51,68],"product_tag":[],"class_list":{"0":"post-12790","1":"product","2":"type-product","3":"status-publish","4":"has-post-thumbnail","6":"product_cat-apple","7":"product_cat-iphone","8":"product_cat-iphone-brands","9":"product_cat-smartphone-te-rinj","10":"product_cat-te-rinj-kategori","12":"first","13":"instock","14":"shipping-taxable","15":"purchasable","16":"product-type-variable"},"_links":{"self":[{"href":"https:\/\/taniphones.com\/index.php?rest_route=\/wp\/v2\/product\/12790","targetHints":{"allow":["GET"]}}],"collection":[{"href":"https:\/\/taniphones.com\/index.php?rest_route=\/wp\/v2\/product"}],"about":[{"href":"https:\/\/taniphones.com\/index.php?rest_route=\/wp\/v2\/types\/product"}],"replies":[{"embeddable":true,"href":"https:\/\/taniphones.com\/index.php?rest_route=%2Fwp%2Fv2%2Fcomments&post=12790"}],"wp:featuredmedia":[{"embeddable":true,"href":"https:\/\/taniphones.com\/index.php?rest_route=\/wp\/v2\/media\/13028"}],"wp:attachment":[{"href":"https:\/\/taniphones.com\/index.php?rest_route=%2Fwp%2Fv2%2Fmedia&parent=12790"}],"wp:term":[{"taxonomy":"product_brand","embeddable":true,"href":"https:\/\/taniphones.com\/index.php?rest_route=%2Fwp%2Fv2%2Fproduct_brand&post=12790"},{"taxonomy":"product_cat","embeddable":true,"href":"https:\/\/taniphones.com\/index.php?rest_route=%2Fwp%2Fv2%2Fproduct_cat&post=12790"},{"taxonomy":"product_tag","embeddable":true,"href":"https:\/\/taniphones.com\/index.php?rest_route=%2Fwp%2Fv2%2Fproduct_tag&post=12790"}],"curies":[{"name":"wp","href":"https:\/\/api.w.org\/{rel}","templated":true}]}}