{"id":12917,"date":"2025-02-26T10:10:21","date_gmt":"2025-02-26T10:10:21","guid":{"rendered":"https:\/\/taniphones.com\/?post_type=product&#038;p=12917"},"modified":"2026-02-02T22:11:45","modified_gmt":"2026-02-02T22:11:45","slug":"samsung-s25-ultra","status":"publish","type":"product","link":"https:\/\/taniphones.com\/?product=samsung-s25-ultra","title":{"rendered":"Samsung S25 Ultra"},"content":{"rendered":"<h2>P\u00ebrshkrim<\/h2>\n<p>&nbsp;<\/p>\n<div class=\"product-full-screen-image\"><img fetchpriority=\"high\" decoding=\"async\" class=\"aligncenter wp-image-156998 size-full\" src=\"https:\/\/assets.shpresa.al\/shop\/2025\/01\/b4a698ed-s25u-ban1-3-scaled-e1738050643636.jpg\" alt=\"\" width=\"1024\" height=\"1448\" \/><\/div>\n<div class=\"product-full-screen-image\"><img decoding=\"async\" class=\"aligncenter wp-image-157000 size-full\" src=\"https:\/\/assets.shpresa.al\/shop\/2025\/01\/7da89962-s25u-ban1-5-scaled-e1738050629521.jpg\" alt=\"\" width=\"1024\" height=\"1448\" \/><\/div>\n<div class=\"product-full-screen-image\"><img decoding=\"async\" class=\"aligncenter wp-image-157001 size-full\" src=\"https:\/\/assets.shpresa.al\/shop\/2025\/01\/9544dce2-s25u-ban1-6-scaled-e1738050616370.jpg\" alt=\"\" width=\"1024\" height=\"1448\" \/><\/div>\n<div class=\"product-full-screen-image\"><img loading=\"lazy\" decoding=\"async\" class=\"aligncenter wp-image-157002 size-full\" src=\"https:\/\/assets.shpresa.al\/shop\/2025\/01\/6f651b7c-s25u-ban1-1-scaled-e1738050600892.jpg\" alt=\"\" width=\"1024\" height=\"1448\" \/><\/div>\n<div class=\"product-full-screen-image\"><img loading=\"lazy\" decoding=\"async\" class=\"aligncenter wp-image-156999 size-full\" src=\"https:\/\/assets.shpresa.al\/shop\/2025\/01\/3f6a0357-s25u-ban1-4-scaled-e1738050584904.jpg\" alt=\"\" width=\"1024\" height=\"1448\" \/><\/div>\n<div class=\"product-full-screen-image\"><img loading=\"lazy\" decoding=\"async\" class=\"aligncenter wp-image-156997 size-full\" src=\"https:\/\/assets.shpresa.al\/shop\/2025\/01\/a581c264-s25u-ban1-2-scaled-e1738050568755.jpg\" alt=\"\" width=\"1024\" height=\"1448\" \/><\/div>\n","protected":false},"excerpt":{"rendered":"<p>Galaxy S25 Ultra kombinon nj\u00eb dizajn elegant me q\u00ebndrueshm\u00ebri, duke ofruar nj\u00eb korniz\u00eb titani, xham Corning\u00ae Gorilla\u00ae Armor 2 dhe rezistenc\u00eb ndaj ujit IP68. Me procesorin Snapdragon\u00ae 8 Elite Mobile, ai siguron performanc\u00eb t\u00eb jasht\u00ebzakonshme t\u00eb p\u00ebrmir\u00ebsuar nga aft\u00ebsit\u00eb e AI si Google Gemini p\u00ebr multitasking t\u00eb pand\u00ebrprer\u00eb dhe p\u00ebrmbledhje personale ditore. Sistemi i avancuar i kamerave p\u00ebrfshin nj\u00eb lente 200 MP, deri n\u00eb 100x Space Zoom dhe ve\u00e7ori profesionale si Expert RAW dhe Log video. Me nj\u00eb S Pen t\u00eb integruar p\u00ebr k\u00ebrkime t\u00eb menj\u00ebhershme dhe detyra kreative, siguri t\u00eb fort\u00eb p\u00ebrmes Knox Vault dhe nj\u00eb bateri me jet\u00ebgjat\u00ebsi t\u00eb madhe, Galaxy S25 Ultra riformon p\u00ebrkufizimin e telefonave inteligjent\u00eb premium.<\/p>\n","protected":false},"featured_media":13046,"comment_status":"open","ping_status":"closed","template":"","meta":[],"product_brand":[],"product_cat":[55,66,51,68],"product_tag":[],"class_list":{"0":"post-12917","1":"product","2":"type-product","3":"status-publish","4":"has-post-thumbnail","6":"product_cat-samsung","7":"product_cat-samsung-brands","8":"product_cat-smartphone-te-rinj","9":"product_cat-te-rinj-kategori","11":"first","12":"instock","13":"shipping-taxable","14":"purchasable","15":"product-type-variable"},"_links":{"self":[{"href":"https:\/\/taniphones.com\/index.php?rest_route=\/wp\/v2\/product\/12917","targetHints":{"allow":["GET"]}}],"collection":[{"href":"https:\/\/taniphones.com\/index.php?rest_route=\/wp\/v2\/product"}],"about":[{"href":"https:\/\/taniphones.com\/index.php?rest_route=\/wp\/v2\/types\/product"}],"replies":[{"embeddable":true,"href":"https:\/\/taniphones.com\/index.php?rest_route=%2Fwp%2Fv2%2Fcomments&post=12917"}],"wp:featuredmedia":[{"embeddable":true,"href":"https:\/\/taniphones.com\/index.php?rest_route=\/wp\/v2\/media\/13046"}],"wp:attachment":[{"href":"https:\/\/taniphones.com\/index.php?rest_route=%2Fwp%2Fv2%2Fmedia&parent=12917"}],"wp:term":[{"taxonomy":"product_brand","embeddable":true,"href":"https:\/\/taniphones.com\/index.php?rest_route=%2Fwp%2Fv2%2Fproduct_brand&post=12917"},{"taxonomy":"product_cat","embeddable":true,"href":"https:\/\/taniphones.com\/index.php?rest_route=%2Fwp%2Fv2%2Fproduct_cat&post=12917"},{"taxonomy":"product_tag","embeddable":true,"href":"https:\/\/taniphones.com\/index.php?rest_route=%2Fwp%2Fv2%2Fproduct_tag&post=12917"}],"curies":[{"name":"wp","href":"https:\/\/api.w.org\/{rel}","templated":true}]}}