{"id":13094,"date":"2025-04-22T15:04:18","date_gmt":"2025-04-22T15:04:18","guid":{"rendered":"https:\/\/taniphones.com\/?post_type=product&#038;p=13094"},"modified":"2025-04-22T15:05:52","modified_gmt":"2025-04-22T15:05:52","slug":"segway-ekickscooter-zt3-pro","status":"publish","type":"product","link":"https:\/\/taniphones.com\/?product=segway-ekickscooter-zt3-pro","title":{"rendered":"Segway eKickScooter ZT3 Pro"},"content":{"rendered":"<p>Segway eKickScooter ZT3 Pro \u00ebsht\u00eb nj\u00eb skuter i fuqish\u00ebm, i projektuar p\u00ebr aventurat urbane dhe ato jasht\u00eb rrug\u00ebs. I pajisur me nj\u00eb motor prej 1600W, arrin shpejt\u00ebsi deri n\u00eb 40 km\/h, ngjitet n\u00eb pjerr\u00ebsi deri n\u00eb 25% dhe ofron nj\u00eb distanc\u00eb deri n\u00eb 70 km. Sistemi i dyfisht\u00eb i amortizimit teleskopik p\u00ebrpara dhe me susta pas, s\u00eb bashku me gomat e m\u00ebdha 11-in\u00e7 tubeless p\u00ebr terrene t\u00eb v\u00ebshtira, sigurojn\u00eb nj\u00eb udh\u00ebtim t\u00eb qet\u00eb dhe t\u00eb q\u00ebndruesh\u00ebm n\u00eb \u00e7do sip\u00ebrfaqe. Funksione t\u00eb zgjuara si AirLock p\u00ebr mbyllje automatike, integrimi me Apple Find My dhe ekrani i madh 3-in\u00e7 e b\u00ebjn\u00eb p\u00ebrdorimin t\u00eb leht\u00eb dhe modern. Me sistem ndri\u00e7imi t\u00eb avancuar, TCS p\u00ebr t\u00eb p\u00ebrmir\u00ebsuar sigurin\u00eb ne rrug\u00eb dhe mbulesa mbrojt\u00ebse p\u00ebr q\u00ebndrueshm\u00ebri, ZT3 Pro vendos nj\u00eb standard t\u00eb ri p\u00ebr eKickScooters.<\/p>\n","protected":false},"excerpt":{"rendered":"<p>Segway eKickScooter ZT3 Pro \u00ebsht\u00eb nj\u00eb skuter i fuqish\u00ebm, i projektuar p\u00ebr aventurat urbane dhe ato jasht\u00eb rrug\u00ebs. I pajisur me nj\u00eb motor prej 1600W, arrin shpejt\u00ebsi deri n\u00eb 40 km\/h, ngjitet n\u00eb pjerr\u00ebsi deri n\u00eb 25% dhe ofron nj\u00eb distanc\u00eb deri n\u00eb 70 km. Sistemi i dyfisht\u00eb i amortizimit teleskopik p\u00ebrpara dhe me susta [&hellip;]<\/p>\n","protected":false},"featured_media":13095,"comment_status":"open","ping_status":"closed","template":"","meta":[],"product_brand":[],"product_cat":[62,68],"product_tag":[],"class_list":{"0":"post-13094","1":"product","2":"type-product","3":"status-publish","4":"has-post-thumbnail","6":"product_cat-te-ndryshem","7":"product_cat-te-rinj-kategori","9":"first","10":"instock","11":"sale","12":"shipping-taxable","13":"purchasable","14":"product-type-simple"},"_links":{"self":[{"href":"https:\/\/taniphones.com\/index.php?rest_route=\/wp\/v2\/product\/13094","targetHints":{"allow":["GET"]}}],"collection":[{"href":"https:\/\/taniphones.com\/index.php?rest_route=\/wp\/v2\/product"}],"about":[{"href":"https:\/\/taniphones.com\/index.php?rest_route=\/wp\/v2\/types\/product"}],"replies":[{"embeddable":true,"href":"https:\/\/taniphones.com\/index.php?rest_route=%2Fwp%2Fv2%2Fcomments&post=13094"}],"wp:featuredmedia":[{"embeddable":true,"href":"https:\/\/taniphones.com\/index.php?rest_route=\/wp\/v2\/media\/13095"}],"wp:attachment":[{"href":"https:\/\/taniphones.com\/index.php?rest_route=%2Fwp%2Fv2%2Fmedia&parent=13094"}],"wp:term":[{"taxonomy":"product_brand","embeddable":true,"href":"https:\/\/taniphones.com\/index.php?rest_route=%2Fwp%2Fv2%2Fproduct_brand&post=13094"},{"taxonomy":"product_cat","embeddable":true,"href":"https:\/\/taniphones.com\/index.php?rest_route=%2Fwp%2Fv2%2Fproduct_cat&post=13094"},{"taxonomy":"product_tag","embeddable":true,"href":"https:\/\/taniphones.com\/index.php?rest_route=%2Fwp%2Fv2%2Fproduct_tag&post=13094"}],"curies":[{"name":"wp","href":"https:\/\/api.w.org\/{rel}","templated":true}]}}