{"id":13106,"date":"2025-04-29T19:05:13","date_gmt":"2025-04-29T19:05:13","guid":{"rendered":"https:\/\/taniphones.com\/?post_type=product&#038;p=13106"},"modified":"2025-06-13T13:18:39","modified_gmt":"2025-06-13T13:18:39","slug":"iphone-16e","status":"publish","type":"product","link":"https:\/\/taniphones.com\/?product=iphone-16e","title":{"rendered":"iPhone 16e"},"content":{"rendered":"<div class=\"woocommerce-product-details__short-description\">\n<p>Apple iPhone 16e kombinon nj\u00eb dizajn mahnit\u00ebs dhe t\u00eb q\u00ebndruesh\u00ebm me teknologjin\u00eb m\u00eb t\u00eb avancuar, duke p\u00ebrfshir\u00eb \u00e7ipin e fuqish\u00ebm A18, Apple Intelligence dhe nj\u00eb bateri q\u00eb zgjat gjat\u00eb gjith\u00eb dit\u00ebs. Kamera 48MP Fusion kap imazhe me rezolucion t\u00eb lart\u00eb dhe video 4K, nd\u00ebrsa ekrani Super Retina XDR 6.1 in\u00e7 ofron pamje magjeps\u00ebse. Me Face ID p\u00ebr akses t\u00eb sigurt, butonin Action p\u00ebr kontrolle t\u00eb shpejta, lidhjen USB-C dhe mjete t\u00eb avancuara me inteligjenc\u00eb artificiale, \u00ebsht\u00eb nd\u00ebrtuar p\u00ebr performanc\u00eb dhe komoditet. P\u00ebr m\u00eb tep\u00ebr, me 5G, Wi-Fi, eSIM, lidhje satelitore dhe ve\u00e7ori sigurie si Crash Detection dhe Emergency SOS, iPhone 16e ju mban t\u00eb lidhur dhe t\u00eb mbrojtur kudo<\/p>\n<\/div>\n","protected":false},"excerpt":{"rendered":"<p>Apple iPhone 16e kombinon nj\u00eb dizajn mahnit\u00ebs dhe t\u00eb q\u00ebndruesh\u00ebm me teknologjin\u00eb m\u00eb t\u00eb avancuar, duke p\u00ebrfshir\u00eb \u00e7ipin e fuqish\u00ebm A18, Apple Intelligence dhe nj\u00eb bateri q\u00eb zgjat gjat\u00eb gjith\u00eb dit\u00ebs. Kamera 48MP Fusion kap imazhe me rezolucion t\u00eb lart\u00eb dhe video 4K, nd\u00ebrsa ekrani Super Retina XDR 6.1 in\u00e7 ofron pamje magjeps\u00ebse. Me Face [&hellip;]<\/p>\n","protected":false},"featured_media":13111,"comment_status":"open","ping_status":"closed","template":"","meta":[],"product_brand":[],"product_cat":[58,54,73,51,68],"product_tag":[],"class_list":{"0":"post-13106","1":"product","2":"type-product","3":"status-publish","4":"has-post-thumbnail","6":"product_cat-apple","7":"product_cat-iphone","8":"product_cat-iphone-brands","9":"product_cat-smartphone-te-rinj","10":"product_cat-te-rinj-kategori","12":"first","13":"instock","14":"shipping-taxable","15":"purchasable","16":"product-type-simple"},"_links":{"self":[{"href":"https:\/\/taniphones.com\/index.php?rest_route=\/wp\/v2\/product\/13106","targetHints":{"allow":["GET"]}}],"collection":[{"href":"https:\/\/taniphones.com\/index.php?rest_route=\/wp\/v2\/product"}],"about":[{"href":"https:\/\/taniphones.com\/index.php?rest_route=\/wp\/v2\/types\/product"}],"replies":[{"embeddable":true,"href":"https:\/\/taniphones.com\/index.php?rest_route=%2Fwp%2Fv2%2Fcomments&post=13106"}],"wp:featuredmedia":[{"embeddable":true,"href":"https:\/\/taniphones.com\/index.php?rest_route=\/wp\/v2\/media\/13111"}],"wp:attachment":[{"href":"https:\/\/taniphones.com\/index.php?rest_route=%2Fwp%2Fv2%2Fmedia&parent=13106"}],"wp:term":[{"taxonomy":"product_brand","embeddable":true,"href":"https:\/\/taniphones.com\/index.php?rest_route=%2Fwp%2Fv2%2Fproduct_brand&post=13106"},{"taxonomy":"product_cat","embeddable":true,"href":"https:\/\/taniphones.com\/index.php?rest_route=%2Fwp%2Fv2%2Fproduct_cat&post=13106"},{"taxonomy":"product_tag","embeddable":true,"href":"https:\/\/taniphones.com\/index.php?rest_route=%2Fwp%2Fv2%2Fproduct_tag&post=13106"}],"curies":[{"name":"wp","href":"https:\/\/api.w.org\/{rel}","templated":true}]}}