{"id":13165,"date":"2025-09-29T10:31:59","date_gmt":"2025-09-29T10:31:59","guid":{"rendered":"https:\/\/taniphones.com\/?post_type=product&#038;p=13165"},"modified":"2025-11-27T20:13:05","modified_gmt":"2025-11-27T20:13:05","slug":"iphone-17-pro","status":"publish","type":"product","link":"https:\/\/taniphones.com\/?product=iphone-17-pro","title":{"rendered":"iPhone 17 Pro"},"content":{"rendered":"<p>iPhone 17 Pro prezanton nj\u00eb dizajn unibody alumini q\u00eb ofron forc\u00eb, q\u00ebndrueshm\u00ebri dhe efikasitet t\u00eb pakrahasuesh\u00ebm. Sistemi profesional me tre kamera 48MP Fusion, p\u00ebrfshir\u00eb Telephoto 200 mm me deri n\u00eb 8\u00d7 zmadhim optik, sjell tet\u00eb gjat\u00ebsira fokale profesionale n\u00eb xhep p\u00ebr fotografi mahnit\u00ebse n\u00eb \u00e7do drit\u00eb. I fuqizuar nga procesori super i shpejt\u00eb A19 Pro me ftohje me dhom\u00eb avulli t\u00eb salduar me lazer, ofron deri n\u00eb 40% performanc\u00eb m\u00eb t\u00eb q\u00ebndrueshme p\u00ebr loj\u00ebra, kreativitet dhe multitasking. Me ekranin mbres\u00ebl\u00ebn\u00ebs Super Retina XDR Pro, kamer\u00ebn e p\u00ebrparme t\u00eb re 18MP Center Stage, video 4K 120 fps Dolby Vision me cil\u00ebsi kinematografike dhe jet\u00ebgjat\u00ebsi baterie deri n\u00eb 33 or\u00eb shikim video, iPhone 17 Pro rishkruan p\u00ebrkufizimin e nj\u00eb smartphone-i profesional.<\/p>\n","protected":false},"excerpt":{"rendered":"<p>iPhone 17 Pro prezanton nj\u00eb dizajn unibody alumini q\u00eb ofron forc\u00eb, q\u00ebndrueshm\u00ebri dhe efikasitet t\u00eb pakrahasuesh\u00ebm. Sistemi profesional me tre kamera 48MP Fusion, p\u00ebrfshir\u00eb Telephoto 200 mm me deri n\u00eb 8\u00d7 zmadhim optik, sjell tet\u00eb gjat\u00ebsira fokale profesionale n\u00eb xhep p\u00ebr fotografi mahnit\u00ebse n\u00eb \u00e7do drit\u00eb. I fuqizuar nga procesori super i shpejt\u00eb A19 Pro [&hellip;]<\/p>\n","protected":false},"featured_media":13175,"comment_status":"open","ping_status":"closed","template":"","meta":[],"product_brand":[],"product_cat":[15,58,73,54,51,68],"product_tag":[],"class_list":{"0":"post-13165","1":"product","2":"type-product","3":"status-publish","4":"has-post-thumbnail","6":"product_cat-uncategorized","7":"product_cat-apple","8":"product_cat-iphone-brands","9":"product_cat-iphone","10":"product_cat-smartphone-te-rinj","11":"product_cat-te-rinj-kategori","13":"first","14":"instock","15":"shipping-taxable","16":"purchasable","17":"product-type-variable"},"_links":{"self":[{"href":"https:\/\/taniphones.com\/index.php?rest_route=\/wp\/v2\/product\/13165","targetHints":{"allow":["GET"]}}],"collection":[{"href":"https:\/\/taniphones.com\/index.php?rest_route=\/wp\/v2\/product"}],"about":[{"href":"https:\/\/taniphones.com\/index.php?rest_route=\/wp\/v2\/types\/product"}],"replies":[{"embeddable":true,"href":"https:\/\/taniphones.com\/index.php?rest_route=%2Fwp%2Fv2%2Fcomments&post=13165"}],"wp:featuredmedia":[{"embeddable":true,"href":"https:\/\/taniphones.com\/index.php?rest_route=\/wp\/v2\/media\/13175"}],"wp:attachment":[{"href":"https:\/\/taniphones.com\/index.php?rest_route=%2Fwp%2Fv2%2Fmedia&parent=13165"}],"wp:term":[{"taxonomy":"product_brand","embeddable":true,"href":"https:\/\/taniphones.com\/index.php?rest_route=%2Fwp%2Fv2%2Fproduct_brand&post=13165"},{"taxonomy":"product_cat","embeddable":true,"href":"https:\/\/taniphones.com\/index.php?rest_route=%2Fwp%2Fv2%2Fproduct_cat&post=13165"},{"taxonomy":"product_tag","embeddable":true,"href":"https:\/\/taniphones.com\/index.php?rest_route=%2Fwp%2Fv2%2Fproduct_tag&post=13165"}],"curies":[{"name":"wp","href":"https:\/\/api.w.org\/{rel}","templated":true}]}}