{"id":13178,"date":"2025-09-29T10:35:41","date_gmt":"2025-09-29T10:35:41","guid":{"rendered":"https:\/\/taniphones.com\/?post_type=product&#038;p=13178"},"modified":"2025-11-27T20:12:15","modified_gmt":"2025-11-27T20:12:15","slug":"iphone-17-pro-max","status":"publish","type":"product","link":"https:\/\/taniphones.com\/?product=iphone-17-pro-max","title":{"rendered":"iPhone 17 Pro Max"},"content":{"rendered":"<p>iPhone 17 Pro Max i ri p\u00ebrcakton standarde t\u00eb reja me dizajnin e tij t\u00eb vet\u00ebm prej alumini, procesorin Apple A19 Pro dhe ftohjen e avancuar me dhom\u00eb avulli p\u00ebr performanc\u00eb grafike deri n\u00eb 40% m\u00eb t\u00eb q\u00ebndrueshme. Kap \u00e7do moment me tre kamera Fusion 48MP, p\u00ebrfshir\u00eb Telephoto revolucionare me zmadhim optik deri n\u00eb 8x (200 mm) dhe foto mahnit\u00ebse 24MP, si dhe kamer\u00ebn e p\u00ebrparme 18MP Center Stage p\u00ebr selfie. Regjistro n\u00eb cil\u00ebsin\u00eb 4K kinematike me 120 fps Dolby Vision ose ProRes RAW p\u00ebr video me cil\u00ebsi t\u00eb lart\u00eb. Me jet\u00ebgjat\u00ebsi t\u00eb bateris\u00eb q\u00eb zgjat gjith\u00eb dit\u00ebn duke ofruar deri n\u00eb 39 or\u00eb shikim videosh, lidhje ultra-t\u00eb shpejta Wi-Fi 7 dhe 5G, funksione Apple Intelligence dhe lidhje emergjente satelitore, iPhone 17 Pro Max \u00ebsht\u00eb iPhone m\u00eb i fuqish\u00ebm, m\u00eb i gjithansh\u00ebm dhe m\u00eb i besuesh\u00ebm ndonj\u00ebher\u00eb.<\/p>\n","protected":false},"excerpt":{"rendered":"<p>iPhone 17 Pro Max i ri p\u00ebrcakton standarde t\u00eb reja me dizajnin e tij t\u00eb vet\u00ebm prej alumini, procesorin Apple A19 Pro dhe ftohjen e avancuar me dhom\u00eb avulli p\u00ebr performanc\u00eb grafike deri n\u00eb 40% m\u00eb t\u00eb q\u00ebndrueshme. Kap \u00e7do moment me tre kamera Fusion 48MP, p\u00ebrfshir\u00eb Telephoto revolucionare me zmadhim optik deri n\u00eb 8x [&hellip;]<\/p>\n","protected":false},"featured_media":13175,"comment_status":"open","ping_status":"closed","template":"","meta":[],"product_brand":[],"product_cat":[15,58,73,54,51,67,68],"product_tag":[],"class_list":{"0":"post-13178","1":"product","2":"type-product","3":"status-publish","4":"has-post-thumbnail","6":"product_cat-uncategorized","7":"product_cat-apple","8":"product_cat-iphone-brands","9":"product_cat-iphone","10":"product_cat-smartphone-te-rinj","11":"product_cat-smartphones-kategori","12":"product_cat-te-rinj-kategori","14":"first","15":"instock","16":"shipping-taxable","17":"purchasable","18":"product-type-variable"},"_links":{"self":[{"href":"https:\/\/taniphones.com\/index.php?rest_route=\/wp\/v2\/product\/13178","targetHints":{"allow":["GET"]}}],"collection":[{"href":"https:\/\/taniphones.com\/index.php?rest_route=\/wp\/v2\/product"}],"about":[{"href":"https:\/\/taniphones.com\/index.php?rest_route=\/wp\/v2\/types\/product"}],"replies":[{"embeddable":true,"href":"https:\/\/taniphones.com\/index.php?rest_route=%2Fwp%2Fv2%2Fcomments&post=13178"}],"wp:featuredmedia":[{"embeddable":true,"href":"https:\/\/taniphones.com\/index.php?rest_route=\/wp\/v2\/media\/13175"}],"wp:attachment":[{"href":"https:\/\/taniphones.com\/index.php?rest_route=%2Fwp%2Fv2%2Fmedia&parent=13178"}],"wp:term":[{"taxonomy":"product_brand","embeddable":true,"href":"https:\/\/taniphones.com\/index.php?rest_route=%2Fwp%2Fv2%2Fproduct_brand&post=13178"},{"taxonomy":"product_cat","embeddable":true,"href":"https:\/\/taniphones.com\/index.php?rest_route=%2Fwp%2Fv2%2Fproduct_cat&post=13178"},{"taxonomy":"product_tag","embeddable":true,"href":"https:\/\/taniphones.com\/index.php?rest_route=%2Fwp%2Fv2%2Fproduct_tag&post=13178"}],"curies":[{"name":"wp","href":"https:\/\/api.w.org\/{rel}","templated":true}]}}