{"id":2103,"date":"2023-09-30T08:02:37","date_gmt":"2023-09-30T08:02:37","guid":{"rendered":"https:\/\/taniphones.com\/?post_type=product&#038;p=2103"},"modified":"2025-11-27T20:16:03","modified_gmt":"2025-11-27T20:16:03","slug":"iphone-15-pro-max","status":"publish","type":"product","link":"https:\/\/taniphones.com\/?product=iphone-15-pro-max","title":{"rendered":"iPhone 15 PRO MAX ( i p\u00ebrdorur )"},"content":{"rendered":"<p>iPhone 15 Pro Max \u00ebsht\u00eb iPhone i par\u00eb q\u00eb ka nj\u00eb dizajn titani t\u00eb shkall\u00ebs s\u00eb hap\u00ebsir\u00ebs ajrore, duke p\u00ebrdorur t\u00eb nj\u00ebjtin aliazh q\u00eb p\u00ebrdorin anijet kozmike p\u00ebr misionet n\u00eb hapsir\u00eb. Titani ka nj\u00eb nga raportet m\u00eb t\u00eb mira t\u00eb forc\u00ebs ndaj pesh\u00ebs s\u00eb \u00e7do metali, duke i b\u00ebr\u00eb k\u00ebto modele Pro m\u00eb t\u00eb lehtat ndonj\u00ebher\u00eb. Ju do ta vini re ndryshimin n\u00eb momentin q\u00eb do t\u00eb p\u00ebrdorni nj\u00eb. Nj\u00eb aparat fotografik q\u00eb kap imagjinat\u00ebn tuaj m\u00eb t\u00eb eg\u00ebr. Nga fleksibiliteti dramatik i inkuadrimit deri te portretet e gjenerat\u00ebs s\u00eb ardhshme, shikoni se \u00e7far\u00eb mund t\u00eb b\u00ebni me sistemin m\u00eb t\u00eb fuqish\u00ebm t\u00eb kamer\u00ebs iPhone. Jet\u00ebgjat\u00ebsia e bateris\u00eb \u00ebsht\u00eb pozitivisht Pro. iPhone 15 Pro Max ju ofron jet\u00ebgjat\u00ebsi t\u00eb mahnitshme t\u00eb bateris\u00eb gjat\u00eb gjith\u00eb dit\u00ebs.<\/p>\n","protected":false},"excerpt":{"rendered":"<p>iPhone 15 Pro Max \u00ebsht\u00eb iPhone i par\u00eb q\u00eb ka nj\u00eb dizajn titani t\u00eb shkall\u00ebs s\u00eb hap\u00ebsir\u00ebs ajrore, duke p\u00ebrdorur t\u00eb nj\u00ebjtin aliazh q\u00eb p\u00ebrdorin anijet kozmike p\u00ebr misionet n\u00eb hapsir\u00eb. Titani ka nj\u00eb nga raportet m\u00eb t\u00eb mira t\u00eb forc\u00ebs ndaj pesh\u00ebs s\u00eb \u00e7do metali, duke i b\u00ebr\u00eb k\u00ebto modele Pro m\u00eb t\u00eb lehtat [&hellip;]<\/p>\n","protected":false},"featured_media":12558,"comment_status":"open","ping_status":"closed","template":"","meta":[],"product_brand":[],"product_cat":[58,73,64,68],"product_tag":[],"class_list":{"0":"post-2103","1":"product","2":"type-product","3":"status-publish","4":"has-post-thumbnail","6":"product_cat-apple","7":"product_cat-iphone-brands","8":"product_cat-te-rinj","9":"product_cat-te-rinj-kategori","11":"first","12":"instock","13":"shipping-taxable","14":"purchasable","15":"product-type-variable"},"_links":{"self":[{"href":"https:\/\/taniphones.com\/index.php?rest_route=\/wp\/v2\/product\/2103","targetHints":{"allow":["GET"]}}],"collection":[{"href":"https:\/\/taniphones.com\/index.php?rest_route=\/wp\/v2\/product"}],"about":[{"href":"https:\/\/taniphones.com\/index.php?rest_route=\/wp\/v2\/types\/product"}],"replies":[{"embeddable":true,"href":"https:\/\/taniphones.com\/index.php?rest_route=%2Fwp%2Fv2%2Fcomments&post=2103"}],"wp:featuredmedia":[{"embeddable":true,"href":"https:\/\/taniphones.com\/index.php?rest_route=\/wp\/v2\/media\/12558"}],"wp:attachment":[{"href":"https:\/\/taniphones.com\/index.php?rest_route=%2Fwp%2Fv2%2Fmedia&parent=2103"}],"wp:term":[{"taxonomy":"product_brand","embeddable":true,"href":"https:\/\/taniphones.com\/index.php?rest_route=%2Fwp%2Fv2%2Fproduct_brand&post=2103"},{"taxonomy":"product_cat","embeddable":true,"href":"https:\/\/taniphones.com\/index.php?rest_route=%2Fwp%2Fv2%2Fproduct_cat&post=2103"},{"taxonomy":"product_tag","embeddable":true,"href":"https:\/\/taniphones.com\/index.php?rest_route=%2Fwp%2Fv2%2Fproduct_tag&post=2103"}],"curies":[{"name":"wp","href":"https:\/\/api.w.org\/{rel}","templated":true}]}}