{"id":2429,"date":"2024-04-07T12:19:23","date_gmt":"2024-04-07T12:19:23","guid":{"rendered":"https:\/\/taniphones.com\/?post_type=product&#038;p=2429"},"modified":"2025-09-14T16:58:53","modified_gmt":"2025-09-14T16:58:53","slug":"samsung-a55","status":"publish","type":"product","link":"https:\/\/taniphones.com\/?product=samsung-a55","title":{"rendered":"Samsung A56"},"content":{"rendered":"<h2>Informacion shtes\u00eb<\/h2>\n<div class=\"woocommerce-product-attributes shop_attributes w-full\">\n<div class=\"py-2  woocommerce-product-attributes-item woocommerce-product-attributes-item--weight\">\n<div class=\"font-bold uppercase text-sm text-gray-800 woocommerce-product-attributes-item__label\">Pesh\u00eb<\/div>\n<div class=\"text-lg pt-1 woocommerce-product-attributes-item__value\">1 g\/kg<\/div>\n<\/div>\n<div class=\"py-2 border-t woocommerce-product-attributes-item woocommerce-product-attributes-item--attribute_pa_brand\">\n<div class=\"font-bold uppercase text-sm text-gray-800 woocommerce-product-attributes-item__label\">Brand<\/div>\n<div class=\"text-lg pt-1 woocommerce-product-attributes-item__value\">\n<p><a href=\"https:\/\/shop.shpresa.al\/brand\/samsung\/\" rel=\"tag\">Samsung<\/a><\/p>\n<\/div>\n<\/div>\n<div class=\"py-2 border-t woocommerce-product-attributes-item woocommerce-product-attributes-item--attribute_announced\">\n<div class=\"font-bold uppercase text-sm text-gray-800 woocommerce-product-attributes-item__label\">Announced<\/div>\n<div class=\"text-lg pt-1 woocommerce-product-attributes-item__value\">\n<p>2025, March 02<\/p>\n<\/div>\n<\/div>\n<div class=\"border-t\">\n<div class=\"pt-6 pb-3 text-left\"><span class=\"font-bold block text-2xl\">NETWORK<\/span><\/div>\n<\/div>\n<div class=\"py-2 border-t woocommerce-product-attributes-item woocommerce-product-attributes-item--attribute_technology\">\n<div class=\"font-bold uppercase text-sm text-gray-800 woocommerce-product-attributes-item__label\">Technology<\/div>\n<div class=\"text-lg pt-1 woocommerce-product-attributes-item__value\">\n<p>GSM \/ HSPA \/ LTE \/ 5G<\/p>\n<\/div>\n<\/div>\n<div class=\"border-t\">\n<div class=\"pt-6 pb-3 text-left\"><span class=\"font-bold block text-2xl\">BODY<\/span><\/div>\n<\/div>\n<div class=\"py-2 border-t woocommerce-product-attributes-item woocommerce-product-attributes-item--attribute_pa_color\">\n<div class=\"font-bold uppercase text-sm text-gray-800 woocommerce-product-attributes-item__label\">Color<\/div>\n<div class=\"text-lg pt-1 woocommerce-product-attributes-item__value\">\n<p>Awesome Graphite, Awesome Lightgray, Awesome Olive, Awesome Pink<\/p>\n<\/div>\n<\/div>\n<div class=\"py-2 border-t woocommerce-product-attributes-item woocommerce-product-attributes-item--attribute_dimensions\">\n<div class=\"font-bold uppercase text-sm text-gray-800 woocommerce-product-attributes-item__label\">Dimensions<\/div>\n<div class=\"text-lg pt-1 woocommerce-product-attributes-item__value\">\n<p>162.2 x 77.5 x 7.4 mm<\/p>\n<\/div>\n<\/div>\n<div class=\"py-2 border-t woocommerce-product-attributes-item woocommerce-product-attributes-item--attribute_weight\">\n<div class=\"font-bold uppercase text-sm text-gray-800 woocommerce-product-attributes-item__label\">Weight<\/div>\n<div class=\"text-lg pt-1 woocommerce-product-attributes-item__value\">\n<p>198 g<\/p>\n<\/div>\n<\/div>\n<div class=\"py-2 border-t woocommerce-product-attributes-item woocommerce-product-attributes-item--attribute_build\">\n<div class=\"font-bold uppercase text-sm text-gray-800 woocommerce-product-attributes-item__label\">Build<\/div>\n<div class=\"text-lg pt-1 woocommerce-product-attributes-item__value\">\n<p>Glass front (Gorilla Glass Victus+), glass back (Gorilla Glass Victus+), aluminum frame<\/p>\n<\/div>\n<\/div>\n<div class=\"py-2 border-t woocommerce-product-attributes-item woocommerce-product-attributes-item--attribute_sim\">\n<div class=\"font-bold uppercase text-sm text-gray-800 woocommerce-product-attributes-item__label\">SIM<\/div>\n<div class=\"text-lg pt-1 woocommerce-product-attributes-item__value\">\n<p>Nano-SIM + Nano-SIM + eSIM + eSIM (max 2 at a time)<\/p>\n<\/div>\n<\/div>\n<div class=\"border-t\">\n<div class=\"pt-6 pb-3 text-left\"><span class=\"font-bold block text-2xl\">DISPLAY<\/span><\/div>\n<\/div>\n<div class=\"py-2 border-t woocommerce-product-attributes-item woocommerce-product-attributes-item--attribute_display-type\">\n<div class=\"font-bold uppercase text-sm text-gray-800 woocommerce-product-attributes-item__label\">Display Type<\/div>\n<div class=\"text-lg pt-1 woocommerce-product-attributes-item__value\">\n<p>Super AMOLED, 120Hz, HDR10+, 1200 nits (HBM), 1900 nits (peak)<\/p>\n<\/div>\n<\/div>\n<div class=\"py-2 border-t woocommerce-product-attributes-item woocommerce-product-attributes-item--attribute_size\">\n<div class=\"font-bold uppercase text-sm text-gray-800 woocommerce-product-attributes-item__label\">Size<\/div>\n<div class=\"text-lg pt-1 woocommerce-product-attributes-item__value\">\n<p>6.7 inches, 110.2 cm2 (~87.7% screen-to-body ratio)<\/p>\n<\/div>\n<\/div>\n<div class=\"py-2 border-t woocommerce-product-attributes-item woocommerce-product-attributes-item--attribute_resolution\">\n<div class=\"font-bold uppercase text-sm text-gray-800 woocommerce-product-attributes-item__label\">Resolution<\/div>\n<div class=\"text-lg pt-1 woocommerce-product-attributes-item__value\">\n<p>1080 x 2340 pixels, 19.5:9 ratio (~385 ppi density)<\/p>\n<\/div>\n<\/div>\n<div class=\"py-2 border-t woocommerce-product-attributes-item woocommerce-product-attributes-item--attribute_protection\">\n<div class=\"font-bold uppercase text-sm text-gray-800 woocommerce-product-attributes-item__label\">Protection<\/div>\n<div class=\"text-lg pt-1 woocommerce-product-attributes-item__value\">\n<p>Corning Gorilla Glass Victus+<\/p>\n<\/div>\n<\/div>\n<div class=\"border-t\">\n<div class=\"pt-6 pb-3 text-left\"><span class=\"font-bold block text-2xl\">PLATFORM<\/span><\/div>\n<\/div>\n<div class=\"py-2 border-t woocommerce-product-attributes-item woocommerce-product-attributes-item--attribute_os\">\n<div class=\"font-bold uppercase text-sm text-gray-800 woocommerce-product-attributes-item__label\">OS<\/div>\n<div class=\"text-lg pt-1 woocommerce-product-attributes-item__value\">\n<p>Android 15, up to 6 major Android upgrades, One UI 7<\/p>\n<\/div>\n<\/div>\n<div class=\"py-2 border-t woocommerce-product-attributes-item woocommerce-product-attributes-item--attribute_chipset\">\n<div class=\"font-bold uppercase text-sm text-gray-800 woocommerce-product-attributes-item__label\">Chipset<\/div>\n<div class=\"text-lg pt-1 woocommerce-product-attributes-item__value\">\n<p>Exynos 1580 (4 nm)<\/p>\n<\/div>\n<\/div>\n<div class=\"py-2 border-t woocommerce-product-attributes-item woocommerce-product-attributes-item--attribute_cpu\">\n<div class=\"font-bold uppercase text-sm text-gray-800 woocommerce-product-attributes-item__label\">CPU<\/div>\n<div class=\"text-lg pt-1 woocommerce-product-attributes-item__value\">\n<p>Octa-core (1\u00d72.9 GHz &amp; 3\u00d72.6 GHz &amp; 4\u00d71.9 GHz)<\/p>\n<\/div>\n<\/div>\n<div class=\"py-2 border-t woocommerce-product-attributes-item woocommerce-product-attributes-item--attribute_gpu\">\n<div class=\"font-bold uppercase text-sm text-gray-800 woocommerce-product-attributes-item__label\">GPU<\/div>\n<div class=\"text-lg pt-1 woocommerce-product-attributes-item__value\">\n<p>Xclipse 540<\/p>\n<\/div>\n<\/div>\n<div class=\"border-t\">\n<div class=\"pt-6 pb-3 text-left\"><span class=\"font-bold block text-2xl\">MEMORY<\/span><\/div>\n<\/div>\n<div class=\"py-2 border-t woocommerce-product-attributes-item woocommerce-product-attributes-item--attribute_card-slot\">\n<div class=\"font-bold uppercase text-sm text-gray-800 woocommerce-product-attributes-item__label\">Card slot<\/div>\n<div class=\"text-lg pt-1 woocommerce-product-attributes-item__value\">\n<p>N\/A<\/p>\n<\/div>\n<\/div>\n<div class=\"py-2 border-t woocommerce-product-attributes-item woocommerce-product-attributes-item--attribute_pa_ram\">\n<div class=\"font-bold uppercase text-sm text-gray-800 woocommerce-product-attributes-item__label\">Ram<\/div>\n<div class=\"text-lg pt-1 woocommerce-product-attributes-item__value\">\n<p>8GB<\/p>\n<\/div>\n<\/div>\n<div class=\"py-2 border-t woocommerce-product-attributes-item woocommerce-product-attributes-item--attribute_pa_memory\">\n<div class=\"font-bold uppercase text-sm text-gray-800 woocommerce-product-attributes-item__label\">Memory Internal<\/div>\n<div class=\"text-lg pt-1 woocommerce-product-attributes-item__value\">\n<p>128GB, 256GB<\/p>\n<\/div>\n<\/div>\n<div class=\"border-t\">\n<div class=\"pt-6 pb-3 text-left\"><span class=\"font-bold block text-2xl\">MAIN CAMERA<\/span><\/div>\n<\/div>\n<div class=\"py-2 border-t woocommerce-product-attributes-item woocommerce-product-attributes-item--attribute_triple-camera\">\n<div class=\"font-bold uppercase text-sm text-gray-800 woocommerce-product-attributes-item__label\">Triple Camera<\/div>\n<div class=\"text-lg pt-1 woocommerce-product-attributes-item__value\">\n<p>50 MP, f\/1.8, (wide), 1\/1.56&#8243;, 1.0\u00b5m, PDAF, OIS<br \/>\n12 MP, f\/2.2, 123\u02da (ultrawide), 1\/3.06&#8243;, 1.12\u00b5m<br \/>\n5 MP, f\/2.4, (macro)<\/p>\n<\/div>\n<\/div>\n<div class=\"py-2 border-t woocommerce-product-attributes-item woocommerce-product-attributes-item--attribute_main-camera-video\">\n<div class=\"font-bold uppercase text-sm text-gray-800 woocommerce-product-attributes-item__label\">Main Camera Video<\/div>\n<div class=\"text-lg pt-1 woocommerce-product-attributes-item__value\">\n<p>4K@30fps, 1080p@30\/60fps, gyro-EIS<\/p>\n<\/div>\n<\/div>\n<div class=\"py-2 border-t woocommerce-product-attributes-item woocommerce-product-attributes-item--attribute_main-camera-features\">\n<div class=\"font-bold uppercase text-sm text-gray-800 woocommerce-product-attributes-item__label\">Main Camera Features<\/div>\n<div class=\"text-lg pt-1 woocommerce-product-attributes-item__value\">\n<p>Best Face, LED flash, panorama, HDR<\/p>\n<\/div>\n<\/div>\n<div class=\"border-t\">\n<div class=\"pt-6 pb-3 text-left\"><span class=\"font-bold block text-2xl\">SELFIE CAMERA<\/span><\/div>\n<\/div>\n<div class=\"py-2 border-t woocommerce-product-attributes-item woocommerce-product-attributes-item--attribute_single\">\n<div class=\"font-bold uppercase text-sm text-gray-800 woocommerce-product-attributes-item__label\">Single<\/div>\n<div class=\"text-lg pt-1 woocommerce-product-attributes-item__value\">\n<p>12 MP, f\/2.2, (wide)<\/p>\n<\/div>\n<\/div>\n<div class=\"py-2 border-t woocommerce-product-attributes-item woocommerce-product-attributes-item--attribute_selfie-video\">\n<div class=\"font-bold uppercase text-sm text-gray-800 woocommerce-product-attributes-item__label\">Selfie Video<\/div>\n<div class=\"text-lg pt-1 woocommerce-product-attributes-item__value\">\n<p>4K@30fps, 1080p@30\/60fps, 10-bit HDR<\/p>\n<\/div>\n<\/div>\n<div class=\"border-t\">\n<div class=\"pt-6 pb-3 text-left\"><span class=\"font-bold block text-2xl\">SOUND<\/span><\/div>\n<\/div>\n<div class=\"py-2 border-t woocommerce-product-attributes-item woocommerce-product-attributes-item--attribute_loudspeaker\">\n<div class=\"font-bold uppercase text-sm text-gray-800 woocommerce-product-attributes-item__label\">Loudspeaker<\/div>\n<div class=\"text-lg pt-1 woocommerce-product-attributes-item__value\">\n<p>Yes, with stereo speakers<\/p>\n<\/div>\n<\/div>\n<div class=\"py-2 border-t woocommerce-product-attributes-item woocommerce-product-attributes-item--attribute_3-5mm-jack\">\n<div class=\"font-bold uppercase text-sm text-gray-800 woocommerce-product-attributes-item__label\">3.5mm jack<\/div>\n<div class=\"text-lg pt-1 woocommerce-product-attributes-item__value\">\n<p>N\/A<\/p>\n<\/div>\n<\/div>\n<div class=\"border-t\">\n<div class=\"pt-6 pb-3 text-left\"><span class=\"font-bold block text-2xl\">COMMS<\/span><\/div>\n<\/div>\n<div class=\"py-2 border-t woocommerce-product-attributes-item woocommerce-product-attributes-item--attribute_wlan\">\n<div class=\"font-bold uppercase text-sm text-gray-800 woocommerce-product-attributes-item__label\">WLAN<\/div>\n<div class=\"text-lg pt-1 woocommerce-product-attributes-item__value\">\n<p>Wi-Fi 802.11 a\/b\/g\/n\/ac\/6, dual-band, Wi-Fi Direct<\/p>\n<\/div>\n<\/div>\n<div class=\"py-2 border-t woocommerce-product-attributes-item woocommerce-product-attributes-item--attribute_bluetooth\">\n<div class=\"font-bold uppercase text-sm text-gray-800 woocommerce-product-attributes-item__label\">Bluetooth<\/div>\n<div class=\"text-lg pt-1 woocommerce-product-attributes-item__value\">\n<p>5.3, A2DP, LE<\/p>\n<\/div>\n<\/div>\n<div class=\"py-2 border-t woocommerce-product-attributes-item woocommerce-product-attributes-item--attribute_gps\">\n<div class=\"font-bold uppercase text-sm text-gray-800 woocommerce-product-attributes-item__label\">GPS<\/div>\n<div class=\"text-lg pt-1 woocommerce-product-attributes-item__value\">\n<p>GPS, GALILEO, GLONASS, BDS, QZSS<\/p>\n<\/div>\n<\/div>\n<div class=\"py-2 border-t woocommerce-product-attributes-item woocommerce-product-attributes-item--attribute_nfc\">\n<div class=\"font-bold uppercase text-sm text-gray-800 woocommerce-product-attributes-item__label\">NFC<\/div>\n<div class=\"text-lg pt-1 woocommerce-product-attributes-item__value\">\n<p>Yes (market\/region dependent)<\/p>\n<\/div>\n<\/div>\n<div class=\"py-2 border-t woocommerce-product-attributes-item woocommerce-product-attributes-item--attribute_usb\">\n<div class=\"font-bold uppercase text-sm text-gray-800 woocommerce-product-attributes-item__label\">USB<\/div>\n<div class=\"text-lg pt-1 woocommerce-product-attributes-item__value\">\n<p>USB Type-C 2.0, OTG<\/p>\n<\/div>\n<\/div>\n<div class=\"border-t\">\n<div class=\"pt-6 pb-3 text-left\"><span class=\"font-bold block text-2xl\">FEATURES<\/span><\/div>\n<\/div>\n<div class=\"py-2 border-t woocommerce-product-attributes-item woocommerce-product-attributes-item--attribute_sensors\">\n<div class=\"font-bold uppercase text-sm text-gray-800 woocommerce-product-attributes-item__label\">Sensors<\/div>\n<div class=\"text-lg pt-1 woocommerce-product-attributes-item__value\">\n<p>Fingerprint (under display, optical), Accelerometer, Gyro, Compass, Virtual Proximity Sensing, Circle to Search<\/p>\n<\/div>\n<\/div>\n<div class=\"border-t\">\n<div class=\"pt-6 pb-3 text-left\"><span class=\"font-bold block text-2xl\">BATTERY<\/span><\/div>\n<\/div>\n<div class=\"py-2 border-t woocommerce-product-attributes-item woocommerce-product-attributes-item--attribute_battery-capacity\">\n<div class=\"font-bold uppercase text-sm text-gray-800 woocommerce-product-attributes-item__label\">Battery Capacity<\/div>\n<div class=\"text-lg pt-1 woocommerce-product-attributes-item__value\">\n<p>5000 mAh<\/p>\n<\/div>\n<\/div>\n<div class=\"py-2 border-t woocommerce-product-attributes-item woocommerce-product-attributes-item--attribute_charging\">\n<div class=\"font-bold uppercase text-sm text-gray-800 woocommerce-product-attributes-item__label\">Charging<\/div>\n<div class=\"text-lg pt-1 woocommerce-product-attributes-item__value\">\n<p>45W wired, 65% in 30 min, 100% in 68 min<\/p>\n<\/div>\n<\/div>\n<\/div>\n","protected":false},"excerpt":{"rendered":"<p>Samsung Galaxy A56 5G kombinon nj\u00eb dizajn elegant me ve\u00e7ori t\u00eb fuqishme, duke p\u00ebrfshir\u00eb nj\u00eb ekran 6.7-in\u00e7 FHD+ Super AMOLED me Vision Booster p\u00ebr pamje mahnit\u00ebse, nj\u00eb kamera kryesore 50 MP me Nightography t\u00eb avancuar dhe Object Eraser p\u00ebr foto t\u00eb p\u00ebrsosura, si dhe nj\u00eb procesor Octa-core t\u00eb p\u00ebrmir\u00ebsuar p\u00ebr performanc\u00eb t\u00eb pand\u00ebrprer\u00eb. Me nj\u00eb bateri t\u00eb q\u00ebndrueshme 5,000 mAh, xham t\u00eb fort\u00eb Corning\u00ae Gorilla\u00ae Glass Victus\u00ae+ dhe rezistenc\u00eb ndaj ujit IP67, \u00ebsht\u00eb nd\u00ebrtuar p\u00ebr t\u00eb zgjatur. P\u00ebr m\u00eb tep\u00ebr, ju siguron 6 vite p\u00ebrdit\u00ebsime sigurie, Samsung Knox Vault p\u00ebr mbrojtje t\u00eb avancuar t\u00eb privat\u00ebsis\u00eb dhe ndarje t\u00eb leht\u00eb t\u00eb skedar\u00ebve me Quick Share.<\/p>\n","protected":false},"featured_media":13089,"comment_status":"open","ping_status":"closed","template":"","meta":[],"product_brand":[],"product_cat":[66,51,67,68],"product_tag":[],"class_list":{"0":"post-2429","1":"product","2":"type-product","3":"status-publish","4":"has-post-thumbnail","6":"product_cat-samsung-brands","7":"product_cat-smartphone-te-rinj","8":"product_cat-smartphones-kategori","9":"product_cat-te-rinj-kategori","11":"first","12":"instock","13":"shipping-taxable","14":"purchasable","15":"product-type-variable"},"_links":{"self":[{"href":"https:\/\/taniphones.com\/index.php?rest_route=\/wp\/v2\/product\/2429","targetHints":{"allow":["GET"]}}],"collection":[{"href":"https:\/\/taniphones.com\/index.php?rest_route=\/wp\/v2\/product"}],"about":[{"href":"https:\/\/taniphones.com\/index.php?rest_route=\/wp\/v2\/types\/product"}],"replies":[{"embeddable":true,"href":"https:\/\/taniphones.com\/index.php?rest_route=%2Fwp%2Fv2%2Fcomments&post=2429"}],"wp:featuredmedia":[{"embeddable":true,"href":"https:\/\/taniphones.com\/index.php?rest_route=\/wp\/v2\/media\/13089"}],"wp:attachment":[{"href":"https:\/\/taniphones.com\/index.php?rest_route=%2Fwp%2Fv2%2Fmedia&parent=2429"}],"wp:term":[{"taxonomy":"product_brand","embeddable":true,"href":"https:\/\/taniphones.com\/index.php?rest_route=%2Fwp%2Fv2%2Fproduct_brand&post=2429"},{"taxonomy":"product_cat","embeddable":true,"href":"https:\/\/taniphones.com\/index.php?rest_route=%2Fwp%2Fv2%2Fproduct_cat&post=2429"},{"taxonomy":"product_tag","embeddable":true,"href":"https:\/\/taniphones.com\/index.php?rest_route=%2Fwp%2Fv2%2Fproduct_tag&post=2429"}],"curies":[{"name":"wp","href":"https:\/\/api.w.org\/{rel}","templated":true}]}}