{"id":2441,"date":"2024-04-07T12:25:12","date_gmt":"2024-04-07T12:25:12","guid":{"rendered":"https:\/\/taniphones.com\/?post_type=product&#038;p=2441"},"modified":"2025-09-14T16:58:31","modified_gmt":"2025-09-14T16:58:31","slug":"samsung-a35","status":"publish","type":"product","link":"https:\/\/taniphones.com\/?product=samsung-a35","title":{"rendered":"Samsung A36"},"content":{"rendered":"","protected":false},"excerpt":{"rendered":"<p>Samsung Galaxy A36 5G kombinon stilin dhe q\u00ebndrueshm\u00ebrin\u00eb me nj\u00eb pjes\u00eb t\u00eb pasme prej xhami premium, dizajn t\u00eb holl\u00eb dhe korniz\u00eb t\u00eb shesht\u00eb an\u00ebsore. Ai ka nj\u00eb ekran 6.7\u201d FHD+ Super AMOLED me nj\u00eb shkall\u00eb rifreskimi prej 120Hz dhe 1,200 nits ndri\u00e7im, p\u00ebr l\u00ebvizje t\u00eb qeta dhe shikueshm\u00ebri t\u00eb qart\u00eb n\u00eb ambiente t\u00eb ndri\u00e7uara. I fuqizuar nga nj\u00eb procesor Octa-core,\u00a0 siguron performanc\u00eb efikase p\u00ebr loj\u00ebra, transmetime dhe multitasking. Bateria 5,000mAh ofron deri n\u00eb 29 or\u00eb bateri dhe vjen me karikim super t\u00eb shpejt\u00eb 45W. Q\u00ebndroni t\u00eb p\u00ebrdit\u00ebsuar me 6 p\u00ebrdit\u00ebsime t\u00eb sistemit operativ dhe 6 vite p\u00ebrdit\u00ebsime sigurie, nd\u00ebrsa Samsung Knox Vault mbron t\u00eb dh\u00ebnat tuaja. Kamera e p\u00ebrparme 12MP kap selfie t\u00eb detajuara edhe n\u00eb ndri\u00e7im t\u00eb ul\u00ebt, dhe me Gorilla Glass Victus+ dhe mbrojtje IP67, \u00ebsht\u00eb nd\u00ebrtuar p\u00ebr t\u00eb zgjatur.<\/p>\n","protected":false},"featured_media":13082,"comment_status":"open","ping_status":"closed","template":"","meta":[],"product_brand":[],"product_cat":[66,51,67,68],"product_tag":[],"class_list":{"0":"post-2441","1":"product","2":"type-product","3":"status-publish","4":"has-post-thumbnail","6":"product_cat-samsung-brands","7":"product_cat-smartphone-te-rinj","8":"product_cat-smartphones-kategori","9":"product_cat-te-rinj-kategori","11":"first","12":"instock","13":"shipping-taxable","14":"purchasable","15":"product-type-variable"},"_links":{"self":[{"href":"https:\/\/taniphones.com\/index.php?rest_route=\/wp\/v2\/product\/2441","targetHints":{"allow":["GET"]}}],"collection":[{"href":"https:\/\/taniphones.com\/index.php?rest_route=\/wp\/v2\/product"}],"about":[{"href":"https:\/\/taniphones.com\/index.php?rest_route=\/wp\/v2\/types\/product"}],"replies":[{"embeddable":true,"href":"https:\/\/taniphones.com\/index.php?rest_route=%2Fwp%2Fv2%2Fcomments&post=2441"}],"wp:featuredmedia":[{"embeddable":true,"href":"https:\/\/taniphones.com\/index.php?rest_route=\/wp\/v2\/media\/13082"}],"wp:attachment":[{"href":"https:\/\/taniphones.com\/index.php?rest_route=%2Fwp%2Fv2%2Fmedia&parent=2441"}],"wp:term":[{"taxonomy":"product_brand","embeddable":true,"href":"https:\/\/taniphones.com\/index.php?rest_route=%2Fwp%2Fv2%2Fproduct_brand&post=2441"},{"taxonomy":"product_cat","embeddable":true,"href":"https:\/\/taniphones.com\/index.php?rest_route=%2Fwp%2Fv2%2Fproduct_cat&post=2441"},{"taxonomy":"product_tag","embeddable":true,"href":"https:\/\/taniphones.com\/index.php?rest_route=%2Fwp%2Fv2%2Fproduct_tag&post=2441"}],"curies":[{"name":"wp","href":"https:\/\/api.w.org\/{rel}","templated":true}]}}