{"id":2453,"date":"2024-04-07T12:30:51","date_gmt":"2024-04-07T12:30:51","guid":{"rendered":"https:\/\/taniphones.com\/?post_type=product&#038;p=2453"},"modified":"2025-06-13T13:21:21","modified_gmt":"2025-06-13T13:21:21","slug":"samsung-a25","status":"publish","type":"product","link":"https:\/\/taniphones.com\/?product=samsung-a25","title":{"rendered":"Samsung A26"},"content":{"rendered":"<div class=\"woocommerce-product-attributes shop_attributes w-full\">\n<div class=\"border-t\">\n<div class=\"pt-6 pb-3 text-left\">\n<h2>Informacion shtes\u00eb<\/h2>\n<div class=\"woocommerce-product-attributes shop_attributes w-full\">\n<div class=\"py-2  woocommerce-product-attributes-item woocommerce-product-attributes-item--weight\">\n<div class=\"font-bold uppercase text-sm text-gray-800 woocommerce-product-attributes-item__label\">Pesh\u00eb<\/div>\n<div class=\"text-lg pt-1 woocommerce-product-attributes-item__value\">1 g\/kg<\/div>\n<\/div>\n<div class=\"py-2 border-t woocommerce-product-attributes-item woocommerce-product-attributes-item--attribute_pa_brand\">\n<div class=\"font-bold uppercase text-sm text-gray-800 woocommerce-product-attributes-item__label\">Brand<\/div>\n<div class=\"text-lg pt-1 woocommerce-product-attributes-item__value\">\n<p><a href=\"https:\/\/shop.shpresa.al\/brand\/samsung\/\" rel=\"tag\">Samsung<\/a><\/p>\n<\/div>\n<\/div>\n<div class=\"py-2 border-t woocommerce-product-attributes-item woocommerce-product-attributes-item--attribute_announced\">\n<div class=\"font-bold uppercase text-sm text-gray-800 woocommerce-product-attributes-item__label\">Announced<\/div>\n<div class=\"text-lg pt-1 woocommerce-product-attributes-item__value\">\n<p>2025, March 02<\/p>\n<\/div>\n<\/div>\n<div class=\"border-t\">\n<div class=\"pt-6 pb-3 text-left\"><span class=\"font-bold block text-2xl\">NETWORK<\/span><\/div>\n<\/div>\n<div class=\"py-2 border-t woocommerce-product-attributes-item woocommerce-product-attributes-item--attribute_technology\">\n<div class=\"font-bold uppercase text-sm text-gray-800 woocommerce-product-attributes-item__label\">Technology<\/div>\n<div class=\"text-lg pt-1 woocommerce-product-attributes-item__value\">\n<p>GSM \/ HSPA \/ LTE\/ 5G<\/p>\n<\/div>\n<\/div>\n<div class=\"border-t\">\n<div class=\"pt-6 pb-3 text-left\"><span class=\"font-bold block text-2xl\">BODY<\/span><\/div>\n<\/div>\n<div class=\"py-2 border-t woocommerce-product-attributes-item woocommerce-product-attributes-item--attribute_pa_color\">\n<div class=\"font-bold uppercase text-sm text-gray-800 woocommerce-product-attributes-item__label\">Color<\/div>\n<div class=\"text-lg pt-1 woocommerce-product-attributes-item__value\">\n<p>Mint, Peach Pink, Black, White<\/p>\n<\/div>\n<\/div>\n<div class=\"py-2 border-t woocommerce-product-attributes-item woocommerce-product-attributes-item--attribute_dimensions\">\n<div class=\"font-bold uppercase text-sm text-gray-800 woocommerce-product-attributes-item__label\">Dimensions<\/div>\n<div class=\"text-lg pt-1 woocommerce-product-attributes-item__value\">\n<p>164 x 77.5 x 7.7 mm<\/p>\n<\/div>\n<\/div>\n<div class=\"py-2 border-t woocommerce-product-attributes-item woocommerce-product-attributes-item--attribute_weight\">\n<div class=\"font-bold uppercase text-sm text-gray-800 woocommerce-product-attributes-item__label\">Weight<\/div>\n<div class=\"text-lg pt-1 woocommerce-product-attributes-item__value\">\n<p>200 g<\/p>\n<\/div>\n<\/div>\n<div class=\"py-2 border-t woocommerce-product-attributes-item woocommerce-product-attributes-item--attribute_build\">\n<div class=\"font-bold uppercase text-sm text-gray-800 woocommerce-product-attributes-item__label\">Build<\/div>\n<div class=\"text-lg pt-1 woocommerce-product-attributes-item__value\">\n<p>Glass front (Gorilla Glass Victus+), plastic frame, glass back (Gorilla Glass Victus+)<\/p>\n<\/div>\n<\/div>\n<div class=\"py-2 border-t woocommerce-product-attributes-item woocommerce-product-attributes-item--attribute_sim\">\n<div class=\"font-bold uppercase text-sm text-gray-800 woocommerce-product-attributes-item__label\">SIM<\/div>\n<div class=\"text-lg pt-1 woocommerce-product-attributes-item__value\">\n<p>Nano-SIM + Nano-SIM<\/p>\n<\/div>\n<\/div>\n<div class=\"border-t\">\n<div class=\"pt-6 pb-3 text-left\"><span class=\"font-bold block text-2xl\">DISPLAY<\/span><\/div>\n<\/div>\n<div class=\"py-2 border-t woocommerce-product-attributes-item woocommerce-product-attributes-item--attribute_display-type\">\n<div class=\"font-bold uppercase text-sm text-gray-800 woocommerce-product-attributes-item__label\">Display Type<\/div>\n<div class=\"text-lg pt-1 woocommerce-product-attributes-item__value\">\n<p>Super AMOLED, 120Hz<\/p>\n<\/div>\n<\/div>\n<div class=\"py-2 border-t woocommerce-product-attributes-item woocommerce-product-attributes-item--attribute_size\">\n<div class=\"font-bold uppercase text-sm text-gray-800 woocommerce-product-attributes-item__label\">Size<\/div>\n<div class=\"text-lg pt-1 woocommerce-product-attributes-item__value\">\n<p>6.7 inches, 110.2 cm2 (~86.7% screen-to-body ratio)<\/p>\n<\/div>\n<\/div>\n<div class=\"py-2 border-t woocommerce-product-attributes-item woocommerce-product-attributes-item--attribute_resolution\">\n<div class=\"font-bold uppercase text-sm text-gray-800 woocommerce-product-attributes-item__label\">Resolution<\/div>\n<div class=\"text-lg pt-1 woocommerce-product-attributes-item__value\">\n<p>1080 x 2340 pixels, 19.5:9 ratio (~385 ppi density)<\/p>\n<\/div>\n<\/div>\n<div class=\"border-t\">\n<div class=\"pt-6 pb-3 text-left\"><span class=\"font-bold block text-2xl\">PLATFORM<\/span><\/div>\n<\/div>\n<div class=\"py-2 border-t woocommerce-product-attributes-item woocommerce-product-attributes-item--attribute_os\">\n<div class=\"font-bold uppercase text-sm text-gray-800 woocommerce-product-attributes-item__label\">OS<\/div>\n<div class=\"text-lg pt-1 woocommerce-product-attributes-item__value\">\n<p>Android 15, up to 6 major Android upgrades, One UI 7<\/p>\n<\/div>\n<\/div>\n<div class=\"py-2 border-t woocommerce-product-attributes-item woocommerce-product-attributes-item--attribute_chipset\">\n<div class=\"font-bold uppercase text-sm text-gray-800 woocommerce-product-attributes-item__label\">Chipset<\/div>\n<div class=\"text-lg pt-1 woocommerce-product-attributes-item__value\">\n<p>Exynos 1380 (5 nm)<\/p>\n<\/div>\n<\/div>\n<div class=\"py-2 border-t woocommerce-product-attributes-item woocommerce-product-attributes-item--attribute_cpu\">\n<div class=\"font-bold uppercase text-sm text-gray-800 woocommerce-product-attributes-item__label\">CPU<\/div>\n<div class=\"text-lg pt-1 woocommerce-product-attributes-item__value\">\n<p>Octa-core (4\u00d72.4 GHz Cortex-A78 &amp; 4\u00d72.0 GHz Cortex-A55)<\/p>\n<\/div>\n<\/div>\n<div class=\"py-2 border-t woocommerce-product-attributes-item woocommerce-product-attributes-item--attribute_gpu\">\n<div class=\"font-bold uppercase text-sm text-gray-800 woocommerce-product-attributes-item__label\">GPU<\/div>\n<div class=\"text-lg pt-1 woocommerce-product-attributes-item__value\">\n<p>Mali-G68 MP5<\/p>\n<\/div>\n<\/div>\n<div class=\"border-t\">\n<div class=\"pt-6 pb-3 text-left\"><span class=\"font-bold block text-2xl\">MEMORY<\/span><\/div>\n<\/div>\n<div class=\"py-2 border-t woocommerce-product-attributes-item woocommerce-product-attributes-item--attribute_card-slot\">\n<div class=\"font-bold uppercase text-sm text-gray-800 woocommerce-product-attributes-item__label\">Card slot<\/div>\n<div class=\"text-lg pt-1 woocommerce-product-attributes-item__value\">\n<p>microSDXC (uses shared SIM slot)<\/p>\n<\/div>\n<\/div>\n<div class=\"py-2 border-t woocommerce-product-attributes-item woocommerce-product-attributes-item--attribute_pa_ram\">\n<div class=\"font-bold uppercase text-sm text-gray-800 woocommerce-product-attributes-item__label\">Ram<\/div>\n<div class=\"text-lg pt-1 woocommerce-product-attributes-item__value\">\n<p>6GB<\/p>\n<\/div>\n<\/div>\n<div class=\"py-2 border-t woocommerce-product-attributes-item woocommerce-product-attributes-item--attribute_pa_memory\">\n<div class=\"font-bold uppercase text-sm text-gray-800 woocommerce-product-attributes-item__label\">Memory Internal<\/div>\n<div class=\"text-lg pt-1 woocommerce-product-attributes-item__value\">\n<p>128GB<\/p>\n<\/div>\n<\/div>\n<div class=\"border-t\">\n<div class=\"pt-6 pb-3 text-left\"><span class=\"font-bold block text-2xl\">MAIN CAMERA<\/span><\/div>\n<\/div>\n<div class=\"py-2 border-t woocommerce-product-attributes-item woocommerce-product-attributes-item--attribute_triple-camera\">\n<div class=\"font-bold uppercase text-sm text-gray-800 woocommerce-product-attributes-item__label\">Triple Camera<\/div>\n<div class=\"text-lg pt-1 woocommerce-product-attributes-item__value\">\n<p>50 MP, f\/1.8, 27mm (wide), 1\/2.76&#8243;, 0.64\u00b5m, PDAF, OIS<br \/>\n8 MP, f\/2.2, 120\u02da (ultrawide), 1\/4&#8243;, 1.12\u00b5m<br \/>\n2 MP, f\/2.4, (macro)<\/p>\n<\/div>\n<\/div>\n<div class=\"py-2 border-t woocommerce-product-attributes-item woocommerce-product-attributes-item--attribute_main-camera-video\">\n<div class=\"font-bold uppercase text-sm text-gray-800 woocommerce-product-attributes-item__label\">Main Camera Video<\/div>\n<div class=\"text-lg pt-1 woocommerce-product-attributes-item__value\">\n<p>4K@30fps, 1080p@30fps, 720p@480fps, gyro-EIS<\/p>\n<\/div>\n<\/div>\n<div class=\"py-2 border-t woocommerce-product-attributes-item woocommerce-product-attributes-item--attribute_main-camera-features\">\n<div class=\"font-bold uppercase text-sm text-gray-800 woocommerce-product-attributes-item__label\">Main Camera Features<\/div>\n<div class=\"text-lg pt-1 woocommerce-product-attributes-item__value\">\n<p>LED flash, panorama, HDR<\/p>\n<\/div>\n<\/div>\n<div class=\"border-t\">\n<div class=\"pt-6 pb-3 text-left\"><span class=\"font-bold block text-2xl\">SELFIE CAMERA<\/span><\/div>\n<\/div>\n<div class=\"py-2 border-t woocommerce-product-attributes-item woocommerce-product-attributes-item--attribute_single\">\n<div class=\"font-bold uppercase text-sm text-gray-800 woocommerce-product-attributes-item__label\">Single<\/div>\n<div class=\"text-lg pt-1 woocommerce-product-attributes-item__value\">\n<p>13 MP, f\/2.2, (wide), 1\/3.06&#8243;, 1.12\u00b5m<\/p>\n<\/div>\n<\/div>\n<div class=\"py-2 border-t woocommerce-product-attributes-item woocommerce-product-attributes-item--attribute_selfie-video\">\n<div class=\"font-bold uppercase text-sm text-gray-800 woocommerce-product-attributes-item__label\">Selfie Video<\/div>\n<div class=\"text-lg pt-1 woocommerce-product-attributes-item__value\">\n<p>1080p@30fps<\/p>\n<\/div>\n<\/div>\n<div class=\"border-t\">\n<div class=\"pt-6 pb-3 text-left\"><span class=\"font-bold block text-2xl\">SOUND<\/span><\/div>\n<\/div>\n<div class=\"py-2 border-t woocommerce-product-attributes-item woocommerce-product-attributes-item--attribute_loudspeaker\">\n<div class=\"font-bold uppercase text-sm text-gray-800 woocommerce-product-attributes-item__label\">Loudspeaker<\/div>\n<div class=\"text-lg pt-1 woocommerce-product-attributes-item__value\">\n<p>Yes<\/p>\n<\/div>\n<\/div>\n<div class=\"py-2 border-t woocommerce-product-attributes-item woocommerce-product-attributes-item--attribute_3-5mm-jack\">\n<div class=\"font-bold uppercase text-sm text-gray-800 woocommerce-product-attributes-item__label\">3.5mm jack<\/div>\n<div class=\"text-lg pt-1 woocommerce-product-attributes-item__value\">\n<p>Yes<\/p>\n<\/div>\n<\/div>\n<div class=\"border-t\">\n<div class=\"pt-6 pb-3 text-left\"><span class=\"font-bold block text-2xl\">COMMS<\/span><\/div>\n<\/div>\n<div class=\"py-2 border-t woocommerce-product-attributes-item woocommerce-product-attributes-item--attribute_wlan\">\n<div class=\"font-bold uppercase text-sm text-gray-800 woocommerce-product-attributes-item__label\">WLAN<\/div>\n<div class=\"text-lg pt-1 woocommerce-product-attributes-item__value\">\n<p>Wi-Fi 802.11 a\/b\/g\/n\/ac, dual-band, Wi-Fi Direct<\/p>\n<\/div>\n<\/div>\n<div class=\"py-2 border-t woocommerce-product-attributes-item woocommerce-product-attributes-item--attribute_bluetooth\">\n<div class=\"font-bold uppercase text-sm text-gray-800 woocommerce-product-attributes-item__label\">Bluetooth<\/div>\n<div class=\"text-lg pt-1 woocommerce-product-attributes-item__value\">\n<p>5.3, A2DP, LE<\/p>\n<\/div>\n<\/div>\n<div class=\"py-2 border-t woocommerce-product-attributes-item woocommerce-product-attributes-item--attribute_positioning\">\n<div class=\"font-bold uppercase text-sm text-gray-800 woocommerce-product-attributes-item__label\">Positioning<\/div>\n<div class=\"text-lg pt-1 woocommerce-product-attributes-item__value\">\n<p>GPS, GALILEO, GLONASS, BDS, QZSS<\/p>\n<\/div>\n<\/div>\n<div class=\"py-2 border-t woocommerce-product-attributes-item woocommerce-product-attributes-item--attribute_radio\">\n<div class=\"font-bold uppercase text-sm text-gray-800 woocommerce-product-attributes-item__label\">Radio<\/div>\n<div class=\"text-lg pt-1 woocommerce-product-attributes-item__value\">\n<p>No<\/p>\n<\/div>\n<\/div>\n<div class=\"py-2 border-t woocommerce-product-attributes-item woocommerce-product-attributes-item--attribute_usb\">\n<div class=\"font-bold uppercase text-sm text-gray-800 woocommerce-product-attributes-item__label\">USB<\/div>\n<div class=\"text-lg pt-1 woocommerce-product-attributes-item__value\">\n<p>USB Type-C 2.0, OTG<\/p>\n<\/div>\n<\/div>\n<div class=\"border-t\">\n<div class=\"pt-6 pb-3 text-left\"><span class=\"font-bold block text-2xl\">FEATURES<\/span><\/div>\n<\/div>\n<div class=\"py-2 border-t woocommerce-product-attributes-item woocommerce-product-attributes-item--attribute_sensors\">\n<div class=\"font-bold uppercase text-sm text-gray-800 woocommerce-product-attributes-item__label\">Sensors<\/div>\n<div class=\"text-lg pt-1 woocommerce-product-attributes-item__value\">\n<p>Fingerprint (side-mounted), accelerometer, gyro, compass<br \/>\nVirtual Proximity Sensing<\/p>\n<\/div>\n<\/div>\n<div class=\"border-t\">\n<div class=\"pt-6 pb-3 text-left\"><span class=\"font-bold block text-2xl\">BATTERY<\/span><\/div>\n<\/div>\n<div class=\"py-2 border-t woocommerce-product-attributes-item woocommerce-product-attributes-item--attribute_type\">\n<div class=\"font-bold uppercase text-sm text-gray-800 woocommerce-product-attributes-item__label\">Type<\/div>\n<div class=\"text-lg pt-1 woocommerce-product-attributes-item__value\">\n<p>5000 mAh, non-removable<\/p>\n<\/div>\n<\/div>\n<div class=\"py-2 border-t woocommerce-product-attributes-item woocommerce-product-attributes-item--attribute_charging\">\n<div class=\"font-bold uppercase text-sm text-gray-800 woocommerce-product-attributes-item__label\">Charging<\/div>\n<div class=\"text-lg pt-1 woocommerce-product-attributes-item__value\">\n<p>25W wired<\/p>\n<\/div>\n<\/div>\n<\/div>\n<\/div>\n<\/div>\n<\/div>\n","protected":false},"excerpt":{"rendered":"<p>Samsung Galaxy A26 5G \u00ebsht\u00eb nj\u00eb smartphone i fuqish\u00ebm dhe elegant q\u00eb kombinon performanc\u00ebn e lart\u00eb me ve\u00e7ori t\u00eb avancuara. Ekrani Super AMOLED 6.7 in\u00e7 me rezolucion FHD+ dhe rifreskim deri n\u00eb 120Hz ofron nj\u00eb p\u00ebrvoj\u00eb vizuale t\u00eb shk\u00eblqyer p\u00ebr video dhe loj\u00ebra. Kamera kryesore 50 MP me stabilizim optik (OIS) dhe kamera selfie 13 MP mund\u00ebsojn\u00eb kapjen e imazheve t\u00eb qarta dhe t\u00eb detajuara. Procesori Exynos 1380 dhe bateria 5000 mAh sigurojn\u00eb performanc\u00eb t\u00eb q\u00ebndrueshme dhe p\u00ebrdorim t\u00eb gjat\u00eb pa nd\u00ebrprerje. Pajisja ka nj\u00eb dizajn t\u00eb holl\u00eb prej 7.7 mm me pjes\u00eb t\u00eb pasme prej xhami dhe \u00ebsht\u00eb e certifikuar me IP67 p\u00ebr rezistenc\u00eb ndaj ujit dhe pluhurit. Gjithashtu, ofron 6 p\u00ebrdit\u00ebsime t\u00eb sistemit operativ dhe 6 vjet p\u00ebrdit\u00ebsime sigurie, duke e mbajtur pajisjen tuaj t\u00eb sigurt dhe t\u00eb p\u00ebrdit\u00ebsuar p\u00ebr nj\u00eb koh\u00eb t\u00eb gjat\u00eb. \u200b<\/p>\n","protected":false},"featured_media":13075,"comment_status":"open","ping_status":"closed","template":"","meta":[],"product_brand":[],"product_cat":[66,51,67,68],"product_tag":[],"class_list":{"0":"post-2453","1":"product","2":"type-product","3":"status-publish","4":"has-post-thumbnail","6":"product_cat-samsung-brands","7":"product_cat-smartphone-te-rinj","8":"product_cat-smartphones-kategori","9":"product_cat-te-rinj-kategori","11":"first","12":"instock","13":"shipping-taxable","14":"purchasable","15":"product-type-variable"},"_links":{"self":[{"href":"https:\/\/taniphones.com\/index.php?rest_route=\/wp\/v2\/product\/2453","targetHints":{"allow":["GET"]}}],"collection":[{"href":"https:\/\/taniphones.com\/index.php?rest_route=\/wp\/v2\/product"}],"about":[{"href":"https:\/\/taniphones.com\/index.php?rest_route=\/wp\/v2\/types\/product"}],"replies":[{"embeddable":true,"href":"https:\/\/taniphones.com\/index.php?rest_route=%2Fwp%2Fv2%2Fcomments&post=2453"}],"wp:featuredmedia":[{"embeddable":true,"href":"https:\/\/taniphones.com\/index.php?rest_route=\/wp\/v2\/media\/13075"}],"wp:attachment":[{"href":"https:\/\/taniphones.com\/index.php?rest_route=%2Fwp%2Fv2%2Fmedia&parent=2453"}],"wp:term":[{"taxonomy":"product_brand","embeddable":true,"href":"https:\/\/taniphones.com\/index.php?rest_route=%2Fwp%2Fv2%2Fproduct_brand&post=2453"},{"taxonomy":"product_cat","embeddable":true,"href":"https:\/\/taniphones.com\/index.php?rest_route=%2Fwp%2Fv2%2Fproduct_cat&post=2453"},{"taxonomy":"product_tag","embeddable":true,"href":"https:\/\/taniphones.com\/index.php?rest_route=%2Fwp%2Fv2%2Fproduct_tag&post=2453"}],"curies":[{"name":"wp","href":"https:\/\/api.w.org\/{rel}","templated":true}]}}