{"id":2464,"date":"2024-04-07T12:35:27","date_gmt":"2024-04-07T12:35:27","guid":{"rendered":"https:\/\/taniphones.com\/?post_type=product&#038;p=2464"},"modified":"2025-04-16T16:43:02","modified_gmt":"2025-04-16T16:43:02","slug":"samsung-a15","status":"publish","type":"product","link":"https:\/\/taniphones.com\/?product=samsung-a15","title":{"rendered":"Samsung A16"},"content":{"rendered":"<h2>Informacion shtes\u00eb<\/h2>\n<div class=\"woocommerce-product-attributes shop_attributes w-full\">\n<div class=\"py-2  woocommerce-product-attributes-item woocommerce-product-attributes-item--weight\">\n<div class=\"font-bold uppercase text-sm text-gray-800 woocommerce-product-attributes-item__label\">Pesh\u00eb<\/div>\n<div class=\"text-lg pt-1 woocommerce-product-attributes-item__value\" data-o_content=\"1 g\/kg\">1 g\/kg<\/div>\n<\/div>\n<div class=\"py-2 border-t woocommerce-product-attributes-item woocommerce-product-attributes-item--attribute_pa_brand\">\n<div class=\"font-bold uppercase text-sm text-gray-800 woocommerce-product-attributes-item__label\">Brand<\/div>\n<div class=\"text-lg pt-1 woocommerce-product-attributes-item__value\">\n<p><a href=\"https:\/\/shop.shpresa.al\/brand\/samsung\/\" rel=\"tag\">Samsung<\/a><\/p>\n<\/div>\n<\/div>\n<div class=\"py-2 border-t woocommerce-product-attributes-item woocommerce-product-attributes-item--attribute_announced\">\n<div class=\"font-bold uppercase text-sm text-gray-800 woocommerce-product-attributes-item__label\">Announced<\/div>\n<div class=\"text-lg pt-1 woocommerce-product-attributes-item__value\">\n<p>2024, October 15<\/p>\n<\/div>\n<\/div>\n<div class=\"border-t\">\n<div class=\"pt-6 pb-3 text-left\"><span class=\"font-bold block text-2xl\">NETWORK<\/span><\/div>\n<\/div>\n<div class=\"py-2 border-t woocommerce-product-attributes-item woocommerce-product-attributes-item--attribute_technology\">\n<div class=\"font-bold uppercase text-sm text-gray-800 woocommerce-product-attributes-item__label\">Technology<\/div>\n<div class=\"text-lg pt-1 woocommerce-product-attributes-item__value\">\n<p>GSM \/ HSPA \/ LTE<\/p>\n<\/div>\n<\/div>\n<div class=\"border-t\">\n<div class=\"pt-6 pb-3 text-left\"><span class=\"font-bold block text-2xl\">BODY<\/span><\/div>\n<\/div>\n<div class=\"py-2 border-t woocommerce-product-attributes-item woocommerce-product-attributes-item--attribute_pa_color\">\n<div class=\"font-bold uppercase text-sm text-gray-800 woocommerce-product-attributes-item__label\">Color<\/div>\n<div class=\"text-lg pt-1 woocommerce-product-attributes-item__value\">\n<p>Black, Gray, Light Green<\/p>\n<\/div>\n<\/div>\n<div class=\"py-2 border-t woocommerce-product-attributes-item woocommerce-product-attributes-item--attribute_dimensions\">\n<div class=\"font-bold uppercase text-sm text-gray-800 woocommerce-product-attributes-item__label\">Dimensions<\/div>\n<div class=\"text-lg pt-1 woocommerce-product-attributes-item__value\">\n<p>164.4 x 77.9 x 7.9 mm<\/p>\n<\/div>\n<\/div>\n<div class=\"py-2 border-t woocommerce-product-attributes-item woocommerce-product-attributes-item--attribute_weight\">\n<div class=\"font-bold uppercase text-sm text-gray-800 woocommerce-product-attributes-item__label\">Weight<\/div>\n<div class=\"text-lg pt-1 woocommerce-product-attributes-item__value\">\n<p>200 g<\/p>\n<\/div>\n<\/div>\n<div class=\"py-2 border-t woocommerce-product-attributes-item woocommerce-product-attributes-item--attribute_build\">\n<div class=\"font-bold uppercase text-sm text-gray-800 woocommerce-product-attributes-item__label\">Build<\/div>\n<div class=\"text-lg pt-1 woocommerce-product-attributes-item__value\">\n<p>Glass front, plastic back, plastic frame<\/p>\n<\/div>\n<\/div>\n<div class=\"py-2 border-t woocommerce-product-attributes-item woocommerce-product-attributes-item--attribute_sim\">\n<div class=\"font-bold uppercase text-sm text-gray-800 woocommerce-product-attributes-item__label\">SIM<\/div>\n<div class=\"text-lg pt-1 woocommerce-product-attributes-item__value\">\n<p>Single SIM (Nano-SIM) or Hybrid Dual SIM (Nano-SIM, dual stand-by)<\/p>\n<\/div>\n<\/div>\n<div class=\"border-t\">\n<div class=\"pt-6 pb-3 text-left\"><span class=\"font-bold block text-2xl\">DISPLAY<\/span><\/div>\n<\/div>\n<div class=\"py-2 border-t woocommerce-product-attributes-item woocommerce-product-attributes-item--attribute_display-type\">\n<div class=\"font-bold uppercase text-sm text-gray-800 woocommerce-product-attributes-item__label\">Display Type<\/div>\n<div class=\"text-lg pt-1 woocommerce-product-attributes-item__value\">\n<p>Super AMOLED, 90Hz<\/p>\n<\/div>\n<\/div>\n<div class=\"py-2 border-t woocommerce-product-attributes-item woocommerce-product-attributes-item--attribute_size\">\n<div class=\"font-bold uppercase text-sm text-gray-800 woocommerce-product-attributes-item__label\">Size<\/div>\n<div class=\"text-lg pt-1 woocommerce-product-attributes-item__value\">\n<p>6.7 inches, 110.2 cm2 (~86.0% screen-to-body ratio)<\/p>\n<\/div>\n<\/div>\n<div class=\"py-2 border-t woocommerce-product-attributes-item woocommerce-product-attributes-item--attribute_resolution\">\n<div class=\"font-bold uppercase text-sm text-gray-800 woocommerce-product-attributes-item__label\">Resolution<\/div>\n<div class=\"text-lg pt-1 woocommerce-product-attributes-item__value\">\n<p>1080 x 2340 pixels, 19.5:9 ratio (~385 ppi density)<\/p>\n<\/div>\n<\/div>\n<div class=\"border-t\">\n<div class=\"pt-6 pb-3 text-left\"><span class=\"font-bold block text-2xl\">PLATFORM<\/span><\/div>\n<\/div>\n<div class=\"py-2 border-t woocommerce-product-attributes-item woocommerce-product-attributes-item--attribute_os\">\n<div class=\"font-bold uppercase text-sm text-gray-800 woocommerce-product-attributes-item__label\">OS<\/div>\n<div class=\"text-lg pt-1 woocommerce-product-attributes-item__value\">\n<p>Android 14, up to 6 major Android upgrades, One UI 6.1<\/p>\n<\/div>\n<\/div>\n<div class=\"py-2 border-t woocommerce-product-attributes-item woocommerce-product-attributes-item--attribute_chipset\">\n<div class=\"font-bold uppercase text-sm text-gray-800 woocommerce-product-attributes-item__label\">Chipset<\/div>\n<div class=\"text-lg pt-1 woocommerce-product-attributes-item__value\">\n<p>Mediatek Helio G99 (6 nm)<\/p>\n<\/div>\n<\/div>\n<div class=\"py-2 border-t woocommerce-product-attributes-item woocommerce-product-attributes-item--attribute_cpu\">\n<div class=\"font-bold uppercase text-sm text-gray-800 woocommerce-product-attributes-item__label\">CPU<\/div>\n<div class=\"text-lg pt-1 woocommerce-product-attributes-item__value\">\n<p>Octa-core (2\u00d72.2 GHz Cortex-A76 &amp; 6\u00d72.0 GHz Cortex-A55)<\/p>\n<\/div>\n<\/div>\n<div class=\"py-2 border-t woocommerce-product-attributes-item woocommerce-product-attributes-item--attribute_gpu\">\n<div class=\"font-bold uppercase text-sm text-gray-800 woocommerce-product-attributes-item__label\">GPU<\/div>\n<div class=\"text-lg pt-1 woocommerce-product-attributes-item__value\">\n<p>Mali-G57 MC2<\/p>\n<\/div>\n<\/div>\n<div class=\"border-t\">\n<div class=\"pt-6 pb-3 text-left\"><span class=\"font-bold block text-2xl\">MEMORY<\/span><\/div>\n<\/div>\n<div class=\"py-2 border-t woocommerce-product-attributes-item woocommerce-product-attributes-item--attribute_card-slot\">\n<div class=\"font-bold uppercase text-sm text-gray-800 woocommerce-product-attributes-item__label\">Card slot<\/div>\n<div class=\"text-lg pt-1 woocommerce-product-attributes-item__value\">\n<p>microSDXC (uses shared SIM slot)<\/p>\n<\/div>\n<\/div>\n<div class=\"py-2 border-t woocommerce-product-attributes-item woocommerce-product-attributes-item--attribute_pa_ram\">\n<div class=\"font-bold uppercase text-sm text-gray-800 woocommerce-product-attributes-item__label\">Ram<\/div>\n<div class=\"text-lg pt-1 woocommerce-product-attributes-item__value\">\n<p>4GB, 8GB<\/p>\n<\/div>\n<\/div>\n<div class=\"py-2 border-t woocommerce-product-attributes-item woocommerce-product-attributes-item--attribute_pa_memory\">\n<div class=\"font-bold uppercase text-sm text-gray-800 woocommerce-product-attributes-item__label\">Memory Internal<\/div>\n<div class=\"text-lg pt-1 woocommerce-product-attributes-item__value\">\n<p>128GB, 256GB<\/p>\n<\/div>\n<\/div>\n<div class=\"border-t\">\n<div class=\"pt-6 pb-3 text-left\"><span class=\"font-bold block text-2xl\">MAIN CAMERA<\/span><\/div>\n<\/div>\n<div class=\"py-2 border-t woocommerce-product-attributes-item woocommerce-product-attributes-item--attribute_triple-camera\">\n<div class=\"font-bold uppercase text-sm text-gray-800 woocommerce-product-attributes-item__label\">Triple Camera<\/div>\n<div class=\"text-lg pt-1 woocommerce-product-attributes-item__value\">\n<p>50 MP, f\/1.8, (wide), AF<br \/>\n5 MP, f\/2.2, (ultrawide)<br \/>\n2 MP, f\/2.4, (macro)<\/p>\n<\/div>\n<\/div>\n<div class=\"py-2 border-t woocommerce-product-attributes-item woocommerce-product-attributes-item--attribute_main-camera-video\">\n<div class=\"font-bold uppercase text-sm text-gray-800 woocommerce-product-attributes-item__label\">Main Camera Video<\/div>\n<div class=\"text-lg pt-1 woocommerce-product-attributes-item__value\">\n<p>1080p@30fps<\/p>\n<\/div>\n<\/div>\n<div class=\"py-2 border-t woocommerce-product-attributes-item woocommerce-product-attributes-item--attribute_main-camera-features\">\n<div class=\"font-bold uppercase text-sm text-gray-800 woocommerce-product-attributes-item__label\">Main Camera Features<\/div>\n<div class=\"text-lg pt-1 woocommerce-product-attributes-item__value\">\n<p>LED flash, panorama, HDR<\/p>\n<\/div>\n<\/div>\n<div class=\"border-t\">\n<div class=\"pt-6 pb-3 text-left\"><span class=\"font-bold block text-2xl\">SELFIE CAMERA<\/span><\/div>\n<\/div>\n<div class=\"py-2 border-t woocommerce-product-attributes-item woocommerce-product-attributes-item--attribute_single\">\n<div class=\"font-bold uppercase text-sm text-gray-800 woocommerce-product-attributes-item__label\">Single<\/div>\n<div class=\"text-lg pt-1 woocommerce-product-attributes-item__value\">\n<p>13 MP, f\/2.0, (wide)<\/p>\n<\/div>\n<\/div>\n<div class=\"py-2 border-t woocommerce-product-attributes-item woocommerce-product-attributes-item--attribute_selfie-video\">\n<div class=\"font-bold uppercase text-sm text-gray-800 woocommerce-product-attributes-item__label\">Selfie Video<\/div>\n<div class=\"text-lg pt-1 woocommerce-product-attributes-item__value\">\n<p>1080p@30fps<\/p>\n<\/div>\n<\/div>\n<div class=\"border-t\">\n<div class=\"pt-6 pb-3 text-left\"><span class=\"font-bold block text-2xl\">SOUND<\/span><\/div>\n<\/div>\n<div class=\"py-2 border-t woocommerce-product-attributes-item woocommerce-product-attributes-item--attribute_loudspeaker\">\n<div class=\"font-bold uppercase text-sm text-gray-800 woocommerce-product-attributes-item__label\">Loudspeaker<\/div>\n<div class=\"text-lg pt-1 woocommerce-product-attributes-item__value\">\n<p>Yes<\/p>\n<\/div>\n<\/div>\n<div class=\"py-2 border-t woocommerce-product-attributes-item woocommerce-product-attributes-item--attribute_3-5mm-jack\">\n<div class=\"font-bold uppercase text-sm text-gray-800 woocommerce-product-attributes-item__label\">3.5mm jack<\/div>\n<div class=\"text-lg pt-1 woocommerce-product-attributes-item__value\">\n<p>No<\/p>\n<\/div>\n<\/div>\n<div class=\"border-t\">\n<div class=\"pt-6 pb-3 text-left\"><span class=\"font-bold block text-2xl\">COMMS<\/span><\/div>\n<\/div>\n<div class=\"py-2 border-t woocommerce-product-attributes-item woocommerce-product-attributes-item--attribute_wlan\">\n<div class=\"font-bold uppercase text-sm text-gray-800 woocommerce-product-attributes-item__label\">WLAN<\/div>\n<div class=\"text-lg pt-1 woocommerce-product-attributes-item__value\">\n<p>Wi-Fi 802.11 a\/b\/g\/n\/ac, dual-band, Wi-Fi Direct<\/p>\n<\/div>\n<\/div>\n<div class=\"py-2 border-t woocommerce-product-attributes-item woocommerce-product-attributes-item--attribute_bluetooth\">\n<div class=\"font-bold uppercase text-sm text-gray-800 woocommerce-product-attributes-item__label\">Bluetooth<\/div>\n<div class=\"text-lg pt-1 woocommerce-product-attributes-item__value\">\n<p>5.3, A2DP, LE<\/p>\n<\/div>\n<\/div>\n<div class=\"py-2 border-t woocommerce-product-attributes-item woocommerce-product-attributes-item--attribute_positioning\">\n<div class=\"font-bold uppercase text-sm text-gray-800 woocommerce-product-attributes-item__label\">Positioning<\/div>\n<div class=\"text-lg pt-1 woocommerce-product-attributes-item__value\">\n<p>GPS, GALILEO, GLONASS, BDS, QZSS<\/p>\n<\/div>\n<\/div>\n<div class=\"py-2 border-t woocommerce-product-attributes-item woocommerce-product-attributes-item--attribute_radio\">\n<div class=\"font-bold uppercase text-sm text-gray-800 woocommerce-product-attributes-item__label\">Radio<\/div>\n<div class=\"text-lg pt-1 woocommerce-product-attributes-item__value\">\n<p>FM radio (market\/region dependent)<\/p>\n<\/div>\n<\/div>\n<div class=\"py-2 border-t woocommerce-product-attributes-item woocommerce-product-attributes-item--attribute_usb\">\n<div class=\"font-bold uppercase text-sm text-gray-800 woocommerce-product-attributes-item__label\">USB<\/div>\n<div class=\"text-lg pt-1 woocommerce-product-attributes-item__value\">\n<p>USB Type-C 2.0<\/p>\n<\/div>\n<\/div>\n<div class=\"border-t\">\n<div class=\"pt-6 pb-3 text-left\"><span class=\"font-bold block text-2xl\">FEATURES<\/span><\/div>\n<\/div>\n<div class=\"py-2 border-t woocommerce-product-attributes-item woocommerce-product-attributes-item--attribute_sensors\">\n<div class=\"font-bold uppercase text-sm text-gray-800 woocommerce-product-attributes-item__label\">Sensors<\/div>\n<div class=\"text-lg pt-1 woocommerce-product-attributes-item__value\">\n<p>Fingerprint (side-mounted), accelerometer, compass<br \/>\nVirtual proximity sensing<\/p>\n<\/div>\n<\/div>\n<div class=\"border-t\">\n<div class=\"pt-6 pb-3 text-left\"><span class=\"font-bold block text-2xl\">BATTERY<\/span><\/div>\n<\/div>\n<div class=\"py-2 border-t woocommerce-product-attributes-item woocommerce-product-attributes-item--attribute_type\">\n<div class=\"font-bold uppercase text-sm text-gray-800 woocommerce-product-attributes-item__label\">Type<\/div>\n<div class=\"text-lg pt-1 woocommerce-product-attributes-item__value\">\n<p>5000 mAh, non-removable<\/p>\n<\/div>\n<\/div>\n<div class=\"py-2 border-t woocommerce-product-attributes-item woocommerce-product-attributes-item--attribute_charging\">\n<div class=\"font-bold uppercase text-sm text-gray-800 woocommerce-product-attributes-item__label\">Charging<\/div>\n<div class=\"text-lg pt-1 woocommerce-product-attributes-item__value\">\n<p>25W Wired<\/p>\n<\/div>\n<\/div>\n<\/div>\n","protected":false},"excerpt":{"rendered":"<p>Samsung Galaxy A16 4G \u00ebsht\u00eb nj\u00eb smartphone i ri q\u00eb ofron nj\u00eb kombinim t\u00eb shk\u00eblqyer t\u00eb dizajnit modern dhe funksionaliteteve t\u00eb avancuara p\u00ebr nj\u00eb p\u00ebrvoj\u00eb p\u00ebrdorimi t\u00eb shk\u00eblqyer. Ky telefon ka nj\u00eb ekran t\u00eb madh 6.7 in\u00e7, q\u00eb ofron imazhe t\u00eb qarta dhe t\u00eb ndritshme, duke e b\u00ebr\u00eb at\u00eb ideal p\u00ebr shikimin e videove dhe navigimin n\u00eb internet. Me nj\u00eb procesor t\u00eb fuqish\u00ebm dhe mb\u00ebshtetje p\u00ebr 4G, Galaxy A16 siguron performanc\u00eb t\u00eb shpejt\u00eb dhe t\u00eb q\u00ebndrueshme. Kamera e tij e pasme mund\u00ebson fotografi t\u00eb detajuara dhe cil\u00ebsi t\u00eb lart\u00eb, nd\u00ebrsa bateria e fuqishme siguron p\u00ebrdorim t\u00eb vazhduesh\u00ebm gjat\u00eb dit\u00ebs. Ky telefon \u00ebsht\u00eb nj\u00eb zgjedhje e shk\u00eblqyer p\u00ebr ata q\u00eb k\u00ebrkojn\u00eb nj\u00eb pajisje t\u00eb besueshme dhe efikase me \u00e7mim t\u00eb leverdissh\u00ebm.<\/p>\n","protected":false},"featured_media":13068,"comment_status":"open","ping_status":"closed","template":"","meta":[],"product_brand":[],"product_cat":[66,51,68],"product_tag":[],"class_list":{"0":"post-2464","1":"product","2":"type-product","3":"status-publish","4":"has-post-thumbnail","6":"product_cat-samsung-brands","7":"product_cat-smartphone-te-rinj","8":"product_cat-te-rinj-kategori","10":"first","11":"instock","12":"shipping-taxable","13":"purchasable","14":"product-type-variable"},"_links":{"self":[{"href":"https:\/\/taniphones.com\/index.php?rest_route=\/wp\/v2\/product\/2464","targetHints":{"allow":["GET"]}}],"collection":[{"href":"https:\/\/taniphones.com\/index.php?rest_route=\/wp\/v2\/product"}],"about":[{"href":"https:\/\/taniphones.com\/index.php?rest_route=\/wp\/v2\/types\/product"}],"replies":[{"embeddable":true,"href":"https:\/\/taniphones.com\/index.php?rest_route=%2Fwp%2Fv2%2Fcomments&post=2464"}],"wp:featuredmedia":[{"embeddable":true,"href":"https:\/\/taniphones.com\/index.php?rest_route=\/wp\/v2\/media\/13068"}],"wp:attachment":[{"href":"https:\/\/taniphones.com\/index.php?rest_route=%2Fwp%2Fv2%2Fmedia&parent=2464"}],"wp:term":[{"taxonomy":"product_brand","embeddable":true,"href":"https:\/\/taniphones.com\/index.php?rest_route=%2Fwp%2Fv2%2Fproduct_brand&post=2464"},{"taxonomy":"product_cat","embeddable":true,"href":"https:\/\/taniphones.com\/index.php?rest_route=%2Fwp%2Fv2%2Fproduct_cat&post=2464"},{"taxonomy":"product_tag","embeddable":true,"href":"https:\/\/taniphones.com\/index.php?rest_route=%2Fwp%2Fv2%2Fproduct_tag&post=2464"}],"curies":[{"name":"wp","href":"https:\/\/api.w.org\/{rel}","templated":true}]}}